{"id":1103,"date":"2017-03-20T14:19:40","date_gmt":"2017-03-20T14:19:40","guid":{"rendered":"http:\/\/www.christopherdedeyan.comhomepage\/"},"modified":"2019-12-23T16:39:26","modified_gmt":"2019-12-23T16:39:26","slug":"homepage","status":"publish","type":"page","link":"https:\/\/www.christopherdedeyan.com\/fr\/","title":{"rendered":"Christopher Dedeyan"},"content":{"rendered":"<p>[vc_row full_height=\u00a0\u00bbyes\u00a0\u00bb content_placement=\u00a0\u00bbmiddle\u00a0\u00bb parallax=\u00a0\u00bbcontent-moving-fade\u00a0\u00bb parallax_image=\u00a0\u00bb2181&Prime; css_animation=\u00a0\u00bbfadeIn\u00a0\u00bb qt_negative=\u00a0\u00bbtrue\u00a0\u00bb qt_container=\u00a0\u00bbtrue\u00a0\u00bb css=\u00a0\u00bb.vc_custom_1576575324225{padding-top: 10% !important;padding-bottom: 15% !important;background-color: #424242 !important;}\u00a0\u00bb el_class=\u00a0\u00bbfakeparalaxe\u00a0\u00bb][vc_column css_animation=\u00a0\u00bbfadeInUp\u00a0\u00bb][vc_row_inner][vc_column_inner width=\u00a0\u00bb2\/3&Prime;]\t\t<div class=\"qt-herobox \">\n\t\t\t<div class=\"qt-titlesbox\">\n\t\t\t\t<h1>\n\t\t\t\t\t\t\t\t\t\t<span class=\"qt-fontsize-h6\">Christopher Dedeyan<\/span>\n\t\t\t\t\t\t\t\t\t\t\t\t<span class=\"qt-fontsize-h6\">Trouvez votre objectif et devenez un individu haute performant au sein de votre vie professionnelle et personnelle. Christopher vous aidera \u00e0 obtenir les r\u00e9sultats souhait\u00e9s\u2026 Sans cesse!<\/span>\n\t\t\t\t\t\t\t\t\t\t<\/h1>\n\t\t\t<\/div>\n\t\t<\/div>\n\t\t[\/vc_column_inner][vc_column_inner width=\u00a0\u00bb1\/3&Prime;][vc_column_text][\/vc_column_text][\/vc_column_inner][\/vc_row_inner][\/vc_column][\/vc_row][vc_row el_class=\u00a0\u00bbqt-container life-coach-section\u00a0\u00bb][vc_column][vc_row_inner][vc_column_inner width=\u00a0\u00bb1\/2&Prime;][vc_custom_heading text=\u00a0\u00bbConf\u00e9rencier professionnel,<br \/>\nCoach de Haute Performance et<br \/>\nD\u00e9fenseur des Troubles d&rsquo;Apprentissage\u00a0\u00bb][vc_column_text]Christopher Dedeyan est un conf\u00e9rencier professionnel et un expert en performance de pointe qui aide les entrepreneurs, dirigeants et employ\u00e9s \u00e0 g\u00e9rer le stress, augmenter la productivit\u00e9 et avoir plus d\u2019\u00e9nergie.\u00a0Il transmet toujours son message de mani\u00e8re humoristique, charmante, \u00e9nergique et passionn\u00e9e.<\/p>\n<p>Il a d\u00e9velopp\u00e9 ses comp\u00e9tences entrepreneuriales et de communication au cours des cinq ann\u00e9es qu\u2019il a construit et dirig\u00e9 sa compagnie de courtage immobilier. Pendant ce temps, Christopher a remarqu\u00e9 qu\u2019il pouvait aider ses coll\u00e8gues avec le d\u00e9veloppement personnel en incorporant de nouveaux rituels et habitudes dans leur vie qui les aident non seulement dans leur entreprise mais aussi dans leur vie personnelle.[\/vc_column_text][vc_single_image image=\u00a0\u00bb2227&Prime; img_size=\u00a0\u00bb\u00a0\u00bb][vc_icon icon_fontawesome=\u00a0\u00bbfa fa-facebook\u00a0\u00bb color=\u00a0\u00bbcustom\u00a0\u00bb el_class=\u00a0\u00bbfirst-icon\u00a0\u00bb css=\u00a0\u00bb.vc_custom_1523449708095{margin-left: -20px !important;}\u00a0\u00bb link=\u00a0\u00bburl:https%3A%2F%2Fwww.facebook.com%2FChristopherDedeyan%2F||target:%20_blank|\u00a0\u00bb][vc_icon icon_fontawesome=\u00a0\u00bbfa fa-instagram\u00a0\u00bb link=\u00a0\u00bburl:https%3A%2F%2Fwww.instagram.com%2Fchristopherdedeyan%2F||target:%20_blank|\u00a0\u00bb][vc_icon icon_fontawesome=\u00a0\u00bbfa fa-twitter\u00a0\u00bb color=\u00a0\u00bbcustom\u00a0\u00bb link=\u00a0\u00bburl:https%3A%2F%2Ftwitter.com%2Fchrisdedeyan%3Flang%3Den||target:%20_blank|\u00a0\u00bb][vc_icon icon_fontawesome=\u00a0\u00bbfa fa-youtube-play\u00a0\u00bb color=\u00a0\u00bbcustom\u00a0\u00bb link=\u00a0\u00bburl:https%3A%2F%2Fwww.youtube.com%2Fchannel%2FUChYsxip-UNPFydaDReRjsVQ||target:%20_blank|rel:nofollow\u00a0\u00bb][vc_icon icon_fontawesome=\u00a0\u00bbfa fa-linkedin-square\u00a0\u00bb link=\u00a0\u00bburl:https%3A%2F%2Fwww.linkedin.com%2Fin%2Fchristopherdedeyan%2F||target:%20_blank|\u00a0\u00bb][vc_btn title=\u00a0\u00bbD\u00c9COUVRIR +\u00a0\u00bb style=\u00a0\u00bbflat\u00a0\u00bb shape=\u00a0\u00bbsquare\u00a0\u00bb color=\u00a0\u00bbwhite\u00a0\u00bb align=\u00a0\u00bbleft\u00a0\u00bb link=\u00a0\u00bburl:http%3A%2F%2Fchristopherdedeyan.com%2Ffr%2Fmeet-christopher%2F|||\u00a0\u00bb][\/vc_column_inner][vc_column_inner width=\u00a0\u00bb1\/2&Prime;][vc_single_image image=\u00a0\u00bb1938&Prime; img_size=\u00a0\u00bbfull\u00a0\u00bb alignment=\u00a0\u00bbcenter\u00a0\u00bb el_class=\u00a0\u00bblife_coah_img\u00a0\u00bb][\/vc_column_inner][\/vc_row_inner][\/vc_column][\/vc_row][vc_row equal_height=\u00a0\u00bbyes\u00a0\u00bb content_placement=\u00a0\u00bbmiddle\u00a0\u00bb qt_container=\u00a0\u00bbtrue\u00a0\u00bb el_class=\u00a0\u00bbappointment-section\u00a0\u00bb css=\u00a0\u00bb.vc_custom_1521550899116{padding-top: 100px !important;padding-bottom: 100px !important;background-color: #171f31 !important;}\u00a0\u00bb][vc_column el_class=\u00a0\u00bbqt-container\u00a0\u00bb][vc_row_inner][vc_column_inner width=\u00a0\u00bb1\/2&Prime;][vc_custom_heading text=\u00a0\u00bbLes Sujets Qui<br \/>\nPassionnent Christopher\u00a0\u00bb font_container=\u00a0\u00bbtag:h2|text_align:left|color:%23ffffff\u00a0\u00bb use_theme_fonts=\u00a0\u00bbyes\u00a0\u00bb el_class=\u00a0\u00bbcustomborder\u00a0\u00bb]\t\t<div class=\"qt-herolist customtext\">\n\t\t\t<h3 class=\"qt-inline-textdeco qt-herolist-title\"><span><\/span><\/h3>\n\t\t\t\t\t\t\t\t<p><i class=\"qticon-checkmark\"><\/i> La Haute Performance<\/p>\n\t\t\t\t\t\t\t\t\t<p><i class=\"qticon-checkmark\"><\/i> Bons R\u00e9sultats<\/p>\n\t\t\t\t\t\t\t\t\t<p><i class=\"qticon-checkmark\"><\/i> Croissance Personnelle<\/p>\n\t\t\t\t\t\t\t\t\t<p><i class=\"qticon-checkmark\"><\/i> Vision et Perspective<\/p>\n\t\t\t\t\t\t\t\t\t<p><i class=\"qticon-checkmark\"><\/i> La Maison \u00c9motionnelle<\/p>\n\t\t\t\t\t\t\t\t\t<p><i class=\"qticon-checkmark\"><\/i> l\u2019Abondance et l\u2019argent<\/p>\n\t\t\t\t\t\t\t\t\t<p><i class=\"qticon-checkmark\"><\/i> Votre Objectif<\/p>\n\t\t\t\t\t\t\t\t\t<p><i class=\"qticon-checkmark\"><\/i> La Dyslexie et Troubles d&#039;Apprentissage<\/p>\n\t\t\t\t\t\t\t\t\t<p><i class=\"qticon-checkmark\"><\/i> La Loi de l&#039;Attraction et le Secret du Succ\u00e8s  <\/p>\n\t\t\t\t\t\t<\/div>\n\t\t[\/vc_column_inner][vc_column_inner width=\u00a0\u00bb1\/2&Prime;]\n                <div class='gf_browser_gecko gform_wrapper' id='gform_wrapper_1' ><form method='post' enctype='multipart\/form-data'  id='gform_1'  action='\/fr\/wp-json\/wp\/v2\/pages\/1103'>\n                        <div class='gform_heading'>\n                            <h3 class='gform_title'>R\u00e9servez Christopher!<\/h3>\n                        <\/div>\n                        <div class='gform_body'><ul id='gform_fields_1' class='gform_fields top_label form_sublabel_below description_below'><li id='field_1_6' class='gfield gfield_contains_required field_sublabel_below field_description_below gfield_visibility_visible' ><label class='gfield_label' for='input_1_6' ><span class='gfield_required'>*<\/span><\/label><div class='ginput_container ginput_container_text'><input name='input_6' id='input_1_6' type='text' value='' class='medium'  tabindex='1'  placeholder='Nom *' aria-required=\"true\" aria-invalid=\"false\" \/><\/div><\/li><li id='field_1_3' class='gfield gfield_contains_required field_sublabel_below field_description_below gfield_visibility_visible' ><label class='gfield_label' for='input_1_3' ><span class='gfield_required'>*<\/span><\/label><div class='ginput_container ginput_container_email'>\n                            <input name='input_3' id='input_1_3' type='text' value='' class='medium' tabindex='2'   placeholder='Courriel *' aria-required=\"true\" aria-invalid=\"false\"\/>\n                        <\/div><\/li><li id='field_1_7' class='gfield gfield_contains_required field_sublabel_below field_description_below gfield_visibility_visible' ><label class='gfield_label' for='input_1_7' ><span class='gfield_required'>*<\/span><\/label><div class='ginput_container ginput_container_phone'><input name='input_7' id='input_1_7' type='text' value='' class='medium' tabindex='3'  placeholder='T\u00e9l *' aria-required=\"true\" aria-invalid=\"false\" \/><\/div><\/li><li id='field_1_5' class='gfield gfield_contains_required field_sublabel_below field_description_below gfield_visibility_visible' ><label class='gfield_label' for='input_1_5' ><span class='gfield_required'>*<\/span><\/label><div class='ginput_container ginput_container_textarea'><textarea name='input_5' id='input_1_5' class='textarea medium' tabindex='4'  placeholder='Message *' aria-required=\"true\" aria-invalid=\"false\"   rows='10' cols='50'><\/textarea><\/div><\/li><li id='field_1_8' class='gfield field_sublabel_below field_description_below gfield_visibility_visible' ><label class='gfield_label' for='input_1_8' >CAPTCHA<\/label><div id='input_1_8' class='ginput_container ginput_recaptcha' data-sitekey='6LdtsckUAAAAABjLPjtwXe-N6iFPSwtiuNluQTOw'  data-theme='light' data-tabindex='5'><\/div><\/li>\n                            <\/ul><\/div>\n        <div class='gform_footer top_label'> <input type='submit' id='gform_submit_button_1' class='gform_button button' value='Soumettre' tabindex='6' onclick='if(window[\"gf_submitting_1\"]){return false;}  window[\"gf_submitting_1\"]=true;  ' onkeypress='if( event.keyCode == 13 ){ if(window[\"gf_submitting_1\"]){return false;} window[\"gf_submitting_1\"]=true;  jQuery(\"#gform_1\").trigger(\"submit\",[true]); }' \/> \n            <input type='hidden' class='gform_hidden' name='is_submit_1' value='1' \/>\n            <input type='hidden' class='gform_hidden' name='gform_submit' value='1' \/>\n            \n            <input type='hidden' class='gform_hidden' name='gform_unique_id' value='' \/>\n            <input type='hidden' class='gform_hidden' name='state_1' value='WyJbXSIsImM3YTZmN2UwODA2YTU2OWFlYzI0NjA2ZTY4YTZjNjFiIl0=' \/>\n            <input type='hidden' class='gform_hidden' name='gform_target_page_number_1' id='gform_target_page_number_1' value='0' \/>\n            <input type='hidden' class='gform_hidden' name='gform_source_page_number_1' id='gform_source_page_number_1' value='1' \/>\n            <input type='hidden' name='gform_field_values' value='' \/>\n            \n        <\/div>\n                        <\/form>\n                        <\/div><script type='text\/javascript'> if(typeof gf_global == 'undefined') var gf_global = {\"gf_currency_config\":{\"name\":\"Dollar canadien\",\"symbol_left\":\"$\",\"symbol_right\":\"CAD\",\"symbol_padding\":\" \",\"thousand_separator\":\",\",\"decimal_separator\":\".\",\"decimals\":2},\"base_url\":\"https:\\\/\\\/www.christopherdedeyan.com\\\/wp-content\\\/plugins\\\/gravityforms\",\"number_formats\":[],\"spinnerUrl\":\"https:\\\/\\\/www.christopherdedeyan.com\\\/wp-content\\\/plugins\\\/gravityforms\\\/images\\\/spinner.gif\"};jQuery(document).bind('gform_post_render', function(event, formId, currentPage){if(formId == 1) {if(typeof Placeholders != 'undefined'){\n                        Placeholders.enable();\n                    }if(!\/(android)\/i.test(navigator.userAgent)){jQuery('#input_1_7').mask('(999) 999-9999').bind('keypress', function(e){if(e.which == 13){jQuery(this).blur();} } );}} } );jQuery(document).bind('gform_post_conditional_logic', function(event, formId, fields, isInit){} );<\/script><script type='text\/javascript'> jQuery(document).ready(function(){jQuery(document).trigger('gform_post_render', [1, 1]) } ); <\/script>[\/vc_column_inner][\/vc_row_inner][\/vc_column][\/vc_row][vc_row full_width=\u00a0\u00bbstretch_row\u00a0\u00bb][vc_column][vc_video link=\u00a0\u00bbhttps:\/\/www.youtube.com\/embed\/Do8shIt0Zqg\u00a0\u00bb align=\u00a0\u00bbcenter\u00a0\u00bb][\/vc_column][\/vc_row][vc_row css_animation=\u00a0\u00bbnone\u00a0\u00bb el_class=\u00a0\u00bbtestimonial-section\u00a0\u00bb][vc_column css_animation=\u00a0\u00bbnone\u00a0\u00bb]\t\t\t<!-- SLIDESHOW TESTIMONIAL ========================= -->\n\t\t\t <div class=\"slider qt-material-slider qt-testimonial-slider\">\n\t\t\t\t<ul class=\"slides\">\n\t\t\t\t\t\t\t\t\t\t\t<li>\n\t\t\t\t\t\t\t<div class=\"qt-slider-caption qt-vc qt-text-white\">\n\t\t\t\t\t\t\t\t<div class=\"qt-vi\">\n\t\t\t\t\t\t\t\t\t<div class=\"qt-texts\">\n\n\t\t\t\t\t\t\t\t\t\t<h3 class=\"qt-bottom-textdeco\"><span>\n   \tT\u00e9moignages<\/span><\/h3>\n\t\t\t\t\t\t\t\t\t\t<h2 class=\"qt-textcont qt-thin qt-italic\">\n\t\t\t\t\t\t\t\t\t\t\tChristopher Dedeyan a \u00e9t\u00e9 mis sur ma route pour que je puisse terminer mon ann\u00e9e de fa\u00e7on positive et en sant\u00e9!\t\t\t\t\t\t\t\t\t\t<\/h2>\n\t\t\t\t\t\t\t\t\t\t<h4 class=\"qt-authorname\"><a href=\"https:\/\/www.christopherdedeyan.com\/fr\/testimonial\/the-ninety-and-nine-are-with-dreams-content-but-the-hope-of-the-world-made-new-is-the-hundredth-man-who-is-grimly-bent-on-making-those-dreams-come-true\/\">Enseignante \u00e0 l\u2019\u00e9cole Johnny Pilot de Uashat<\/a><\/h4>\n\t\t\t\t\t\t\t\t\t<\/div>\n\t\t\t\t\t\t\t\t<\/div>\n\t\t\t\t\t\t\t<\/div>\n\t\t\t\t\t\t\t\t\t\t\t\t\t\t\t<div class=\"qt-header-bg\" data-bgimage=\"https:\/\/www.christopherdedeyan.com\/wp-content\/uploads\/2017\/03\/christopher_dedeyan_testimonials-1.jpg\" data-parallax=\"0\">\n\t\t\t\t\t\t\t\t\t<img width=\"1920\" height=\"768\" src=\"https:\/\/www.christopherdedeyan.com\/wp-content\/uploads\/2017\/03\/christopher_dedeyan_testimonials-1.jpg\" class=\"attachment-qantumthemes-large size-qantumthemes-large wp-post-image\" alt=\"\" loading=\"lazy\" srcset=\"https:\/\/www.christopherdedeyan.com\/wp-content\/uploads\/2017\/03\/christopher_dedeyan_testimonials-1.jpg 1920w, https:\/\/www.christopherdedeyan.com\/wp-content\/uploads\/2017\/03\/christopher_dedeyan_testimonials-1-300x120.jpg 300w, https:\/\/www.christopherdedeyan.com\/wp-content\/uploads\/2017\/03\/christopher_dedeyan_testimonials-1-768x307.jpg 768w, https:\/\/www.christopherdedeyan.com\/wp-content\/uploads\/2017\/03\/christopher_dedeyan_testimonials-1-1024x410.jpg 1024w\" sizes=\"(max-width: 1920px) 100vw, 1920px\" \/>\t\t\t\t\t\t\t\t<\/div>\n\t\t\t\t\t\t\t\t\t\t\t\t\t<\/li>\n\t\t\t\t\t\t\t\t\t\t\t\t<li>\n\t\t\t\t\t\t\t<div class=\"qt-slider-caption qt-vc qt-text-white\">\n\t\t\t\t\t\t\t\t<div class=\"qt-vi\">\n\t\t\t\t\t\t\t\t\t<div class=\"qt-texts\">\n\n\t\t\t\t\t\t\t\t\t\t<h3 class=\"qt-bottom-textdeco\"><span>\n   \tT\u00e9moignages<\/span><\/h3>\n\t\t\t\t\t\t\t\t\t\t<h2 class=\"qt-textcont qt-thin qt-italic\">\n\t\t\t\t\t\t\t\t\t\t\tChristopher est parmi ces gens d\u2019exceptions qui r\u00e9ussissent toujours \u00e0 rendre les situations difficiles en opportunit\u00e9s\t\t\t\t\t\t\t\t\t\t<\/h2>\n\t\t\t\t\t\t\t\t\t\t<h4 class=\"qt-authorname\"><a href=\"https:\/\/www.christopherdedeyan.com\/fr\/testimonial\/it-will-be-found-in-fact-that-the-ingenious-are-always-fanciful-and-the-truly-imaginative-never-otherwise-than-analytic\/\">JeanPhilippe Morin<\/a><\/h4>\n\t\t\t\t\t\t\t\t\t<\/div>\n\t\t\t\t\t\t\t\t<\/div>\n\t\t\t\t\t\t\t<\/div>\n\t\t\t\t\t\t\t\t\t\t\t\t\t\t\t<div class=\"qt-header-bg\" data-bgimage=\"https:\/\/www.christopherdedeyan.com\/wp-content\/uploads\/2017\/03\/christopher_dedeyan_testimonials-1.jpg\" data-parallax=\"0\">\n\t\t\t\t\t\t\t\t\t<img width=\"1920\" height=\"768\" src=\"https:\/\/www.christopherdedeyan.com\/wp-content\/uploads\/2017\/03\/christopher_dedeyan_testimonials-1.jpg\" class=\"attachment-qantumthemes-large size-qantumthemes-large wp-post-image\" alt=\"\" loading=\"lazy\" srcset=\"https:\/\/www.christopherdedeyan.com\/wp-content\/uploads\/2017\/03\/christopher_dedeyan_testimonials-1.jpg 1920w, https:\/\/www.christopherdedeyan.com\/wp-content\/uploads\/2017\/03\/christopher_dedeyan_testimonials-1-300x120.jpg 300w, https:\/\/www.christopherdedeyan.com\/wp-content\/uploads\/2017\/03\/christopher_dedeyan_testimonials-1-768x307.jpg 768w, https:\/\/www.christopherdedeyan.com\/wp-content\/uploads\/2017\/03\/christopher_dedeyan_testimonials-1-1024x410.jpg 1024w\" sizes=\"(max-width: 1920px) 100vw, 1920px\" \/>\t\t\t\t\t\t\t\t<\/div>\n\t\t\t\t\t\t\t\t\t\t\t\t\t<\/li>\n\t\t\t\t\t\t\t\t\t\t\t\t<li>\n\t\t\t\t\t\t\t<div class=\"qt-slider-caption qt-vc qt-text-white\">\n\t\t\t\t\t\t\t\t<div class=\"qt-vi\">\n\t\t\t\t\t\t\t\t\t<div class=\"qt-texts\">\n\n\t\t\t\t\t\t\t\t\t\t<h3 class=\"qt-bottom-textdeco\"><span>\n   \tT\u00e9moignages<\/span><\/h3>\n\t\t\t\t\t\t\t\t\t\t<h2 class=\"qt-textcont qt-thin qt-italic\">\n\t\t\t\t\t\t\t\t\t\t\tChristopher Dedeyan est une personne qui inspire et qui s&rsquo;inspire des autres!\t\t\t\t\t\t\t\t\t\t<\/h2>\n\t\t\t\t\t\t\t\t\t\t<h4 class=\"qt-authorname\"><a href=\"https:\/\/www.christopherdedeyan.com\/fr\/testimonial\/a-strong-argument-for-the-religion-of-christ-is-this-that-offences-against-charity-are-about-the-only-ones-which-men-on-their-death-beds-can-be-made-not-to-understand-but-to-feel-as-crime\/\">Anouk Diaz<\/a><\/h4>\n\t\t\t\t\t\t\t\t\t<\/div>\n\t\t\t\t\t\t\t\t<\/div>\n\t\t\t\t\t\t\t<\/div>\n\t\t\t\t\t\t\t\t\t\t\t\t\t\t\t<div class=\"qt-header-bg\" data-bgimage=\"https:\/\/www.christopherdedeyan.com\/wp-content\/uploads\/2017\/03\/christopher_dedeyan_testimonials-1.jpg\" data-parallax=\"0\">\n\t\t\t\t\t\t\t\t\t<img width=\"1920\" height=\"768\" src=\"https:\/\/www.christopherdedeyan.com\/wp-content\/uploads\/2017\/03\/christopher_dedeyan_testimonials-1.jpg\" class=\"attachment-qantumthemes-large size-qantumthemes-large wp-post-image\" alt=\"\" loading=\"lazy\" srcset=\"https:\/\/www.christopherdedeyan.com\/wp-content\/uploads\/2017\/03\/christopher_dedeyan_testimonials-1.jpg 1920w, https:\/\/www.christopherdedeyan.com\/wp-content\/uploads\/2017\/03\/christopher_dedeyan_testimonials-1-300x120.jpg 300w, https:\/\/www.christopherdedeyan.com\/wp-content\/uploads\/2017\/03\/christopher_dedeyan_testimonials-1-768x307.jpg 768w, https:\/\/www.christopherdedeyan.com\/wp-content\/uploads\/2017\/03\/christopher_dedeyan_testimonials-1-1024x410.jpg 1024w\" sizes=\"(max-width: 1920px) 100vw, 1920px\" \/>\t\t\t\t\t\t\t\t<\/div>\n\t\t\t\t\t\t\t\t\t\t\t\t\t<\/li>\n\t\t\t\t\t\t\t\t\t\t\t\t<li>\n\t\t\t\t\t\t\t<div class=\"qt-slider-caption qt-vc qt-text-white\">\n\t\t\t\t\t\t\t\t<div class=\"qt-vi\">\n\t\t\t\t\t\t\t\t\t<div class=\"qt-texts\">\n\n\t\t\t\t\t\t\t\t\t\t<h3 class=\"qt-bottom-textdeco\"><span>\n   \tT\u00e9moignages<\/span><\/h3>\n\t\t\t\t\t\t\t\t\t\t<h2 class=\"qt-textcont qt-thin qt-italic\">\n\t\t\t\t\t\t\t\t\t\t\tChristopher, vous avez trouv\u00e9 les mots qui ont capt\u00e9 l\u2019attention et touch\u00e9 les coeurs. Un grand merci!\t\t\t\t\t\t\t\t\t\t<\/h2>\n\t\t\t\t\t\t\t\t\t\t<h4 class=\"qt-authorname\"><a href=\"https:\/\/www.christopherdedeyan.com\/fr\/testimonial\/in-one-case-out-of-a-hundred-a-point-is-excessively-discussed-because-it-is-obscure-in-the-ninety-nine-remaining-it-is-obscure-because-it-is-excessively-discussed\/\">Isabelle Gadbois<\/a><\/h4>\n\t\t\t\t\t\t\t\t\t<\/div>\n\t\t\t\t\t\t\t\t<\/div>\n\t\t\t\t\t\t\t<\/div>\n\t\t\t\t\t\t\t\t\t\t\t\t\t\t\t<div class=\"qt-header-bg\" data-bgimage=\"https:\/\/www.christopherdedeyan.com\/wp-content\/uploads\/2017\/03\/christopher_dedeyan_testimonials-1.jpg\" data-parallax=\"0\">\n\t\t\t\t\t\t\t\t\t<img width=\"1920\" height=\"768\" src=\"https:\/\/www.christopherdedeyan.com\/wp-content\/uploads\/2017\/03\/christopher_dedeyan_testimonials-1.jpg\" class=\"attachment-qantumthemes-large size-qantumthemes-large wp-post-image\" alt=\"\" loading=\"lazy\" srcset=\"https:\/\/www.christopherdedeyan.com\/wp-content\/uploads\/2017\/03\/christopher_dedeyan_testimonials-1.jpg 1920w, https:\/\/www.christopherdedeyan.com\/wp-content\/uploads\/2017\/03\/christopher_dedeyan_testimonials-1-300x120.jpg 300w, https:\/\/www.christopherdedeyan.com\/wp-content\/uploads\/2017\/03\/christopher_dedeyan_testimonials-1-768x307.jpg 768w, https:\/\/www.christopherdedeyan.com\/wp-content\/uploads\/2017\/03\/christopher_dedeyan_testimonials-1-1024x410.jpg 1024w\" sizes=\"(max-width: 1920px) 100vw, 1920px\" \/>\t\t\t\t\t\t\t\t<\/div>\n\t\t\t\t\t\t\t\t\t\t\t\t\t<\/li>\n\t\t\t\t\t\t\t\t\t\t<\/ul>\n\t\t\t\t<div class=\"qt-control-arrows\">\n\t\t\t\t\t<a href=\"#!\" class=\"qt-btn qt-btn-l qt-btn-secondary prev qt-slideshow-link waves-effect\"><i class=\"dripicons-chevron-left\"><\/i><\/a>\n\t\t\t\t\t<a href=\"#!\" class=\"qt-btn qt-btn-l qt-btn-secondary next qt-slideshow-link waves-effect\"><i class=\"dripicons-chevron-right\"><\/i><\/a>\n\t\t\t\t<\/div>\n\t\t\t<\/div>\n\t\t\t<!-- SLIDESHOW TESTIMONIAL END ========================= -->\n\t\t\t[\/vc_column][\/vc_row]<\/p>\n","protected":false},"excerpt":{"rendered":"<p>[vc_row full_height=\u00a0\u00bbyes\u00a0\u00bb content_placement=\u00a0\u00bbmiddle\u00a0\u00bb parallax=\u00a0\u00bbcontent-moving-fade\u00a0\u00bb parallax_image=\u00a0\u00bb2181&Prime; css_animation=\u00a0\u00bbfadeIn\u00a0\u00bb qt_negative=\u00a0\u00bbtrue\u00a0\u00bb qt_container=\u00a0\u00bbtrue\u00a0\u00bb css=\u00a0\u00bb.vc_custom_1576575324225{padding-top: 10% !important;padding-bottom: 15% !important;background-color: #424242 !important;}\u00a0\u00bb el_class=\u00a0\u00bbfakeparalaxe\u00a0\u00bb][vc_column css_animation=\u00a0\u00bbfadeInUp\u00a0\u00bb][vc_row_inner][vc_column_inner width=\u00a0\u00bb2\/3&Prime;][\/vc_column_inner][vc_column_inner width=\u00a0\u00bb1\/3&Prime;][vc_column_text][\/vc_column_text][\/vc_column_inner][\/vc_row_inner][\/vc_column][\/vc_row][vc_row el_class=\u00a0\u00bbqt-container life-coach-section\u00a0\u00bb][vc_column][vc_row_inner][vc_column_inner width=\u00a0\u00bb1\/2&Prime;][vc_custom_heading text=\u00a0\u00bbConf\u00e9rencier professionnel, Coach de Haute Performance et D\u00e9fenseur des Troubles d&rsquo;Apprentissage\u00a0\u00bb][vc_column_text]Christopher Dedeyan est un conf\u00e9rencier professionnel et un expert en performance de pointe qui aide les entrepreneurs, dirigeants et employ\u00e9s \u00e0 g\u00e9rer le [&hellip;]<\/p>\n","protected":false},"author":3,"featured_media":2223,"parent":0,"menu_order":0,"comment_status":"closed","ping_status":"closed","template":"page-visualcomposer.php","meta":{"_monsterinsights_skip_tracking":false,"_monsterinsights_sitenote_active":false,"_monsterinsights_sitenote_note":"","_monsterinsights_sitenote_category":0},"yoast_head":"<!-- This site is optimized with the Yoast SEO plugin v15.4 - https:\/\/yoast.com\/wordpress\/plugins\/seo\/ -->\n<title>Christopher Dedeyan - Christopher<\/title>\n<meta name=\"robots\" content=\"index, follow, max-snippet:-1, max-image-preview:large, max-video-preview:-1\" \/>\n<link rel=\"canonical\" href=\"https:\/\/www.christopherdedeyan.com\/fr\/\" \/>\n<meta property=\"og:locale\" content=\"fr_FR\" \/>\n<meta property=\"og:type\" content=\"article\" \/>\n<meta property=\"og:title\" content=\"Christopher Dedeyan - Christopher\" \/>\n<meta property=\"og:description\" content=\"[vc_row full_height=\u00a0\u00bbyes\u00a0\u00bb content_placement=\u00a0\u00bbmiddle\u00a0\u00bb parallax=\u00a0\u00bbcontent-moving-fade\u00a0\u00bb parallax_image=\u00a0\u00bb2181&Prime; css_animation=\u00a0\u00bbfadeIn\u00a0\u00bb qt_negative=\u00a0\u00bbtrue\u00a0\u00bb qt_container=\u00a0\u00bbtrue\u00a0\u00bb css=\u00a0\u00bb.vc_custom_1576575324225{padding-top: 10% !important;padding-bottom: 15% !important;background-color: #424242 !important;}\u00a0\u00bb el_class=\u00a0\u00bbfakeparalaxe\u00a0\u00bb][vc_column css_animation=\u00a0\u00bbfadeInUp\u00a0\u00bb][vc_row_inner][vc_column_inner width=\u00a0\u00bb2\/3&Prime;][\/vc_column_inner][vc_column_inner width=\u00a0\u00bb1\/3&Prime;][vc_column_text][\/vc_column_text][\/vc_column_inner][\/vc_row_inner][\/vc_column][\/vc_row][vc_row el_class=\u00a0\u00bbqt-container life-coach-section\u00a0\u00bb][vc_column][vc_row_inner][vc_column_inner width=\u00a0\u00bb1\/2&Prime;][vc_custom_heading text=\u00a0\u00bbConf\u00e9rencier professionnel, Coach de Haute Performance et D\u00e9fenseur des Troubles d&rsquo;Apprentissage\u00a0\u00bb][vc_column_text]Christopher Dedeyan est un conf\u00e9rencier professionnel et un expert en performance de pointe qui aide les entrepreneurs, dirigeants et employ\u00e9s \u00e0 g\u00e9rer le [&hellip;]\" \/>\n<meta property=\"og:url\" content=\"https:\/\/www.christopherdedeyan.com\/fr\/\" \/>\n<meta property=\"og:site_name\" content=\"Christopher\" \/>\n<meta property=\"article:publisher\" content=\"https:\/\/www.facebook.com\/ChristopherDedeyan\/\" \/>\n<meta property=\"article:modified_time\" content=\"2019-12-23T16:39:26+00:00\" \/>\n<meta property=\"og:image\" content=\"https:\/\/www.christopherdedeyan.com\/wp-content\/uploads\/2018\/07\/christopher_dedeyan_slide1-21.jpg\" \/>\n\t<meta property=\"og:image:width\" content=\"2100\" \/>\n\t<meta property=\"og:image:height\" content=\"863\" \/>\n<meta name=\"twitter:card\" content=\"summary_large_image\" \/>\n<meta name=\"twitter:creator\" content=\"@chrisdedeyan\" \/>\n<meta name=\"twitter:site\" content=\"@chrisdedeyan\" \/>\n<meta name=\"twitter:label1\" content=\"\u00c9crit par\">\n\t<meta name=\"twitter:data1\" content=\"Christopher Dedeyan\">\n\t<meta name=\"twitter:label2\" content=\"Dur\u00e9e de lecture est.\">\n\t<meta name=\"twitter:data2\" content=\"3 minutes\">\n<script type=\"application\/ld+json\" class=\"yoast-schema-graph\">{\"@context\":\"https:\/\/schema.org\",\"@graph\":[{\"@type\":\"WebSite\",\"@id\":\"https:\/\/www.christopherdedeyan.com\/#website\",\"url\":\"https:\/\/www.christopherdedeyan.com\/\",\"name\":\"Christopher Dedeyan\",\"description\":\"\",\"potentialAction\":[{\"@type\":\"SearchAction\",\"target\":\"https:\/\/www.christopherdedeyan.com\/?s={search_term_string}\",\"query-input\":\"required name=search_term_string\"}],\"inLanguage\":\"fr-FR\"},{\"@type\":\"ImageObject\",\"@id\":\"https:\/\/www.christopherdedeyan.com\/fr\/#primaryimage\",\"inLanguage\":\"fr-FR\",\"url\":\"https:\/\/www.christopherdedeyan.com\/wp-content\/uploads\/2018\/07\/christopher_dedeyan_slide1-21.jpg\",\"width\":2100,\"height\":863},{\"@type\":\"WebPage\",\"@id\":\"https:\/\/www.christopherdedeyan.com\/fr\/#webpage\",\"url\":\"https:\/\/www.christopherdedeyan.com\/fr\/\",\"name\":\"Christopher Dedeyan - Christopher\",\"isPartOf\":{\"@id\":\"https:\/\/www.christopherdedeyan.com\/#website\"},\"primaryImageOfPage\":{\"@id\":\"https:\/\/www.christopherdedeyan.com\/fr\/#primaryimage\"},\"datePublished\":\"2017-03-20T14:19:40+00:00\",\"dateModified\":\"2019-12-23T16:39:26+00:00\",\"inLanguage\":\"fr-FR\",\"potentialAction\":[{\"@type\":\"ReadAction\",\"target\":[\"https:\/\/www.christopherdedeyan.com\/fr\/\"]}]}]}<\/script>\n<!-- \/ Yoast SEO plugin. -->","_links":{"self":[{"href":"https:\/\/www.christopherdedeyan.com\/fr\/wp-json\/wp\/v2\/pages\/1103"}],"collection":[{"href":"https:\/\/www.christopherdedeyan.com\/fr\/wp-json\/wp\/v2\/pages"}],"about":[{"href":"https:\/\/www.christopherdedeyan.com\/fr\/wp-json\/wp\/v2\/types\/page"}],"author":[{"embeddable":true,"href":"https:\/\/www.christopherdedeyan.com\/fr\/wp-json\/wp\/v2\/users\/3"}],"replies":[{"embeddable":true,"href":"https:\/\/www.christopherdedeyan.com\/fr\/wp-json\/wp\/v2\/comments?post=1103"}],"version-history":[{"count":100,"href":"https:\/\/www.christopherdedeyan.com\/fr\/wp-json\/wp\/v2\/pages\/1103\/revisions"}],"predecessor-version":[{"id":2450,"href":"https:\/\/www.christopherdedeyan.com\/fr\/wp-json\/wp\/v2\/pages\/1103\/revisions\/2450"}],"wp:featuredmedia":[{"embeddable":true,"href":"https:\/\/www.christopherdedeyan.com\/fr\/wp-json\/wp\/v2\/media\/2223"}],"wp:attachment":[{"href":"https:\/\/www.christopherdedeyan.com\/fr\/wp-json\/wp\/v2\/media?parent=1103"}],"curies":[{"name":"wp","href":"https:\/\/api.w.org\/{rel}","templated":true}]}}