{"id":1130,"date":"2018-03-27T17:20:40","date_gmt":"2018-03-27T17:20:40","guid":{"rendered":"http:\/\/www.christopherdedeyan.combook-christopher\/"},"modified":"2019-12-17T10:45:40","modified_gmt":"2019-12-17T10:45:40","slug":"conference","status":"publish","type":"page","link":"https:\/\/www.christopherdedeyan.com\/fr\/conference\/","title":{"rendered":"Conf\u00e9rence"},"content":{"rendered":"<p>[vc_row qt_container=\u00a0\u00bbtrue\u00a0\u00bb css=\u00a0\u00bb.vc_custom_1523304206457{padding-top: 30px !important;background-color: #ffffff !important;}\u00a0\u00bb el_class=\u00a0\u00bbChristopher_list\u00a0\u00bb][vc_column width=\u00a0\u00bb1\/3&Prime;][vc_single_image image=\u00a0\u00bb2329&Prime; img_size=\u00a0\u00bbfull\u00a0\u00bb css=\u00a0\u00bb.vc_custom_1575192959525{padding-right: 10px !important;}\u00a0\u00bb][\/vc_column][vc_column width=\u00a0\u00bb2\/3&Prime; el_class=\u00a0\u00bbChristopher_list\u00a0\u00bb][vc_column_text]Trouvez votre objectif et devenez un individu performant au sein de votre vie professionnelle et personnelle. Christopher vous aidera \u00e0 obtenir les r\u00e9sultats souhait\u00e9s\u2026 Sans cesse!<\/p>\n<p>Si vous vivez le style de vie de f\u00eate ou de famine et que vous \u00eates toujours stress\u00e9 par l&rsquo;argent, vous devez d\u00e9barquer rapidement des montagnes russes. Le manque de structure dans votre entreprise et un programme non organis\u00e9 n&rsquo;est pas seulement le coupable, mais aussi le sympt\u00f4me d&rsquo;un probl\u00e8me encore plus important que vous devez d&rsquo;abord r\u00e9soudre, avant que le reste de ces pi\u00e8ces du puzzle ne se mette en place. Mais que pouvez-vous y faire? La r\u00e9ponse r\u00e9side dans la pleine conscience de tout ce que vous faites. La fa\u00e7on dont vous faites n&rsquo;importe quoi est la fa\u00e7on dont vous faites TOUT. Ainsi, en commen\u00e7ant par les d\u00e9tails de la fa\u00e7on dont vous vous r\u00e9veillez, comment vous vous alimentez et les actions intentionnelles que vous apportez \u00e0 votre routine quotidienne, vous pouvez commencer \u00e0 performer \u00e0 des niveaux de pointe. Alors que la plupart des entrepreneurs motiv\u00e9s veulent ignorer tout le travail impliqu\u00e9 avec les d\u00e9tails, si vous regardez attentivement, vous verrez que les professionnels de la vente les plus performants sont diligents \u00e0 suivre syst\u00e9matiquement les syst\u00e8mes qui g\u00e9n\u00e8rent des r\u00e9sultats. C&rsquo;est ce que Christopher Dedeyan peut vous aider \u00e0 faire &#8230; d\u00e9velopper votre Potentiel de Performance en concevant la structure, les rituels et la pleine conscience qui am\u00e9lioreront consid\u00e9rablement vos r\u00e9sultats professionnels (et auront \u00e9galement des effets profonds personnellement!).[\/vc_column_text][\/vc_column][\/vc_row][vc_row gap=\u00a0\u00bb5&Prime; qt_container=\u00a0\u00bbtrue\u00a0\u00bb css=\u00a0\u00bb.vc_custom_1575192035695{padding-top: 30px !important;background-color: #ffffff !important;}\u00a0\u00bb el_class=\u00a0\u00bbChristopher_list\u00a0\u00bb][vc_column width=\u00a0\u00bb1\/2&Prime; el_class=\u00a0\u00bbChristopher_list\u00a0\u00bb css=\u00a0\u00bb.vc_custom_1575192061581{padding-right: 5px !important;}\u00a0\u00bb][vc_column_text]<\/p>\n<h3>PR\u00c9SENTATIONS EN VEDETTE<\/h3>\n<p><em><strong>De Bons R\u00e9sultats Gr\u00e2ce \u00c0 De Bons Rituels:<\/strong><\/em><\/p>\n<p>Ce programme est con\u00e7u pour vous aider \u00e0 d\u00e9couvrir votre objectif et \u00e0 devenir un individu de pointe dans votre vie professionnelle et personnelle, tout d&rsquo;une mani\u00e8re qui a un impact positif sur votre ligne de fond. Vous et votre public d\u00e9couvrirez:<\/p>\n<ul>\n<li>Comment r\u00e9duire le stress et augmenter la productivit\u00e9 en utilisant des pratiques de pleine conscience dans votre travail quotidien<\/li>\n<li>Votre foyer \u00e9motionnel (un endroit s\u00fbr o\u00f9 vous pouvez vous \u00e9panouir dans tous les domaines de votre vie)<\/li>\n<li>Comment atteindre l&rsquo;\u00e9quilibre \u00e9motionnel et contr\u00f4ler constamment vos \u00e9motions<\/li>\n<li>Comment cr\u00e9er une entreprise qui va fonctionner pour vous, donc vous ne cr\u00e9ez pas une entreprise que vous devez travailler pour toujours.<\/li>\n<li>Obtenez un avantage concurrentiel dans les affaires et la vie<\/li>\n<\/ul>\n<p>&nbsp;<\/p>\n<p><em><strong>Le Succ\u00e8s Gr\u00e2ce \u00c0 La Chimie Du Cerveau Et l&rsquo;\u00c9nergie:<\/strong><\/em><\/p>\n<p>Ce programme est con\u00e7u pour vous aider \u00e0 comprendre et \u00e0 obtenir un plan des astuces et m\u00e9thodologies utilis\u00e9es par les personnes les plus performantes. Le jeu auquel nous jouons est la chimie du cerveau et l&rsquo;\u00e9nergie. Vous et votre public d\u00e9couvrirez:<\/p>\n<ul>\n<li>Comment puiser dans la matrice de r\u00e9ussite qui combine les diff\u00e9rentes vibrations de votre esprit et vos manifestations pour vous conduire vers un accomplissement et une prosp\u00e9rit\u00e9 sup\u00e9rieurs.<\/li>\n<li>Comment utiliser l&rsquo;\u00e9nergie et la fr\u00e9quence pour atteindre vos objectifs en pliant la r\u00e9alit\u00e9.<\/li>\n<li>Comment utiliser votre esprit inconscient pour de meilleurs r\u00e9sultats.<\/li>\n<\/ul>\n<p>[\/vc_column_text][\/vc_column][vc_column width=\u00a0\u00bb1\/2&Prime; css=\u00a0\u00bb.vc_custom_1575192070876{padding-left: 5px !important;}\u00a0\u00bb][vc_single_image image=\u00a0\u00bb2314&Prime; img_size=\u00a0\u00bbfull\u00a0\u00bb][\/vc_column][\/vc_row][vc_row qt_container=\u00a0\u00bbtrue\u00a0\u00bb el_class=\u00a0\u00bbbook_christopher\u00a0\u00bb][vc_column][vc_column_text]<\/p>\n<h3 style=\"text-align: center;\">R\u00e9servez Christopher Pour Votre Prochain \u00c9v\u00e9nement<\/h3>\n<p>[\/vc_column_text][vc_empty_space][vc_row_inner][vc_column_inner width=\u00a0\u00bb1\/2&Prime;][vc_column_text]<img loading=\"lazy\" class=\"wp-image-2324 aligncenter\" src=\"https:\/\/www.christopherdedeyan.com\/wp-content\/uploads\/2019\/12\/Chris-on-phone.png\" alt=\"\" width=\"538\" height=\"359\" srcset=\"https:\/\/www.christopherdedeyan.com\/wp-content\/uploads\/2019\/12\/Chris-on-phone.png 1000w, https:\/\/www.christopherdedeyan.com\/wp-content\/uploads\/2019\/12\/Chris-on-phone-300x200.png 300w, https:\/\/www.christopherdedeyan.com\/wp-content\/uploads\/2019\/12\/Chris-on-phone-768x512.png 768w\" sizes=\"(max-width: 538px) 100vw, 538px\" \/><\/p>\n<p style=\"text-align: justify; padding: 0px 20px 0px 0px;\">Discutez avec Christopher de la possibilit\u00e9 de livrer une conf\u00e9rence sp\u00e9cialement adapt\u00e9e \u00e0 votre public. Qu&rsquo;il s&rsquo;agisse d&rsquo;un discours, d&rsquo;un 1\/2 jour, d&rsquo;une journ\u00e9e ou d&rsquo;un atelier de 2 jours, Christopher offrira un atelier ou une pr\u00e9sentation en fonction de vos besoins.<\/p>\n<p style=\"text-align: justify; padding: 0px 20px 0px 0px;\">Si vous \u00eates int\u00e9ress\u00e9 \u00e0 r\u00e9server Christopher pour un discours, un s\u00e9minaire, un webinaire, un \u00e9v\u00e9nement en direct ou virtuel, veuillez contacter l&rsquo;\u00e9quipe de Christopher et faites-nous savoir ce que vous recherchez. Ou vous pouvez simplement soumettre une question en utilisant le formulaire de contact.<\/p>\n<p>[\/vc_column_text][\/vc_column_inner][vc_column_inner width=\u00a0\u00bb1\/2&Prime;]\n                <div class='gf_browser_gecko gform_wrapper' id='gform_wrapper_1' ><form method='post' enctype='multipart\/form-data'  id='gform_1'  action='\/fr\/wp-json\/wp\/v2\/pages\/1130'>\n                        <div class='gform_heading'>\n                            <h3 class='gform_title'>R\u00e9servez Christopher!<\/h3>\n                        <\/div>\n                        <div class='gform_body'><ul id='gform_fields_1' class='gform_fields top_label form_sublabel_below description_below'><li id='field_1_6' class='gfield gfield_contains_required field_sublabel_below field_description_below gfield_visibility_visible' ><label class='gfield_label' for='input_1_6' ><span class='gfield_required'>*<\/span><\/label><div class='ginput_container ginput_container_text'><input name='input_6' id='input_1_6' type='text' value='' class='medium'  tabindex='1'  placeholder='Nom *' aria-required=\"true\" aria-invalid=\"false\" \/><\/div><\/li><li id='field_1_3' class='gfield gfield_contains_required field_sublabel_below field_description_below gfield_visibility_visible' ><label class='gfield_label' for='input_1_3' ><span class='gfield_required'>*<\/span><\/label><div class='ginput_container ginput_container_email'>\n                            <input name='input_3' id='input_1_3' type='text' value='' class='medium' tabindex='2'   placeholder='Courriel *' aria-required=\"true\" aria-invalid=\"false\"\/>\n                        <\/div><\/li><li id='field_1_7' class='gfield gfield_contains_required field_sublabel_below field_description_below gfield_visibility_visible' ><label class='gfield_label' for='input_1_7' ><span class='gfield_required'>*<\/span><\/label><div class='ginput_container ginput_container_phone'><input name='input_7' id='input_1_7' type='text' value='' class='medium' tabindex='3'  placeholder='T\u00e9l *' aria-required=\"true\" aria-invalid=\"false\" \/><\/div><\/li><li id='field_1_5' class='gfield gfield_contains_required field_sublabel_below field_description_below gfield_visibility_visible' ><label class='gfield_label' for='input_1_5' ><span class='gfield_required'>*<\/span><\/label><div class='ginput_container ginput_container_textarea'><textarea name='input_5' id='input_1_5' class='textarea medium' tabindex='4'  placeholder='Message *' aria-required=\"true\" aria-invalid=\"false\"   rows='10' cols='50'><\/textarea><\/div><\/li><li id='field_1_8' class='gfield field_sublabel_below field_description_below gfield_visibility_visible' ><label class='gfield_label' for='input_1_8' >CAPTCHA<\/label><div id='input_1_8' class='ginput_container ginput_recaptcha' data-sitekey='6LdtsckUAAAAABjLPjtwXe-N6iFPSwtiuNluQTOw'  data-theme='light' data-tabindex='5'><\/div><\/li>\n                            <\/ul><\/div>\n        <div class='gform_footer top_label'> <input type='submit' id='gform_submit_button_1' class='gform_button button' value='Soumettre' tabindex='6' onclick='if(window[\"gf_submitting_1\"]){return false;}  window[\"gf_submitting_1\"]=true;  ' onkeypress='if( event.keyCode == 13 ){ if(window[\"gf_submitting_1\"]){return false;} window[\"gf_submitting_1\"]=true;  jQuery(\"#gform_1\").trigger(\"submit\",[true]); }' \/> \n            <input type='hidden' class='gform_hidden' name='is_submit_1' value='1' \/>\n            <input type='hidden' class='gform_hidden' name='gform_submit' value='1' \/>\n            \n            <input type='hidden' class='gform_hidden' name='gform_unique_id' value='' \/>\n            <input type='hidden' class='gform_hidden' name='state_1' value='WyJbXSIsImM3YTZmN2UwODA2YTU2OWFlYzI0NjA2ZTY4YTZjNjFiIl0=' \/>\n            <input type='hidden' class='gform_hidden' name='gform_target_page_number_1' id='gform_target_page_number_1' value='0' \/>\n            <input type='hidden' class='gform_hidden' name='gform_source_page_number_1' id='gform_source_page_number_1' value='1' \/>\n            <input type='hidden' name='gform_field_values' value='' \/>\n            \n        <\/div>\n                        <\/form>\n                        <\/div><script type='text\/javascript'> if(typeof gf_global == 'undefined') var gf_global = {\"gf_currency_config\":{\"name\":\"Dollar canadien\",\"symbol_left\":\"$\",\"symbol_right\":\"CAD\",\"symbol_padding\":\" \",\"thousand_separator\":\",\",\"decimal_separator\":\".\",\"decimals\":2},\"base_url\":\"https:\\\/\\\/www.christopherdedeyan.com\\\/wp-content\\\/plugins\\\/gravityforms\",\"number_formats\":[],\"spinnerUrl\":\"https:\\\/\\\/www.christopherdedeyan.com\\\/wp-content\\\/plugins\\\/gravityforms\\\/images\\\/spinner.gif\"};jQuery(document).bind('gform_post_render', function(event, formId, currentPage){if(formId == 1) {if(typeof Placeholders != 'undefined'){\n                        Placeholders.enable();\n                    }if(!\/(android)\/i.test(navigator.userAgent)){jQuery('#input_1_7').mask('(999) 999-9999').bind('keypress', function(e){if(e.which == 13){jQuery(this).blur();} } );}} } );jQuery(document).bind('gform_post_conditional_logic', function(event, formId, fields, isInit){} );<\/script><script type='text\/javascript'> jQuery(document).ready(function(){jQuery(document).trigger('gform_post_render', [1, 1]) } ); <\/script>[\/vc_column_inner][\/vc_row_inner][vc_empty_space][\/vc_column][\/vc_row][vc_row css_animation=\u00a0\u00bbnone\u00a0\u00bb el_class=\u00a0\u00bbtestimonial-section\u00a0\u00bb][vc_column css_animation=\u00a0\u00bbnone\u00a0\u00bb]\t\t\t<!-- SLIDESHOW TESTIMONIAL ========================= -->\n\t\t\t <div class=\"slider qt-material-slider qt-testimonial-slider\">\n\t\t\t\t<ul class=\"slides\">\n\t\t\t\t\t\t\t\t\t\t\t<li>\n\t\t\t\t\t\t\t<div class=\"qt-slider-caption qt-vc qt-text-white\">\n\t\t\t\t\t\t\t\t<div class=\"qt-vi\">\n\t\t\t\t\t\t\t\t\t<div class=\"qt-texts\">\n\n\t\t\t\t\t\t\t\t\t\t<h3 class=\"qt-bottom-textdeco\"><span>\n   \tT\u00e9moignages<\/span><\/h3>\n\t\t\t\t\t\t\t\t\t\t<h2 class=\"qt-textcont qt-thin qt-italic\">\n\t\t\t\t\t\t\t\t\t\t\tChristopher Dedeyan a \u00e9t\u00e9 mis sur ma route pour que je puisse terminer mon ann\u00e9e de fa\u00e7on positive et en sant\u00e9!\t\t\t\t\t\t\t\t\t\t<\/h2>\n\t\t\t\t\t\t\t\t\t\t<h4 class=\"qt-authorname\"><a href=\"https:\/\/www.christopherdedeyan.com\/fr\/testimonial\/the-ninety-and-nine-are-with-dreams-content-but-the-hope-of-the-world-made-new-is-the-hundredth-man-who-is-grimly-bent-on-making-those-dreams-come-true\/\">Enseignante \u00e0 l\u2019\u00e9cole Johnny Pilot de Uashat<\/a><\/h4>\n\t\t\t\t\t\t\t\t\t<\/div>\n\t\t\t\t\t\t\t\t<\/div>\n\t\t\t\t\t\t\t<\/div>\n\t\t\t\t\t\t\t\t\t\t\t\t\t\t\t<div class=\"qt-header-bg\" data-bgimage=\"https:\/\/www.christopherdedeyan.com\/wp-content\/uploads\/2017\/03\/christopher_dedeyan_testimonials-1.jpg\" data-parallax=\"0\">\n\t\t\t\t\t\t\t\t\t<img width=\"1920\" height=\"768\" src=\"https:\/\/www.christopherdedeyan.com\/wp-content\/uploads\/2017\/03\/christopher_dedeyan_testimonials-1.jpg\" class=\"attachment-qantumthemes-large size-qantumthemes-large wp-post-image\" alt=\"\" loading=\"lazy\" srcset=\"https:\/\/www.christopherdedeyan.com\/wp-content\/uploads\/2017\/03\/christopher_dedeyan_testimonials-1.jpg 1920w, https:\/\/www.christopherdedeyan.com\/wp-content\/uploads\/2017\/03\/christopher_dedeyan_testimonials-1-300x120.jpg 300w, https:\/\/www.christopherdedeyan.com\/wp-content\/uploads\/2017\/03\/christopher_dedeyan_testimonials-1-768x307.jpg 768w, https:\/\/www.christopherdedeyan.com\/wp-content\/uploads\/2017\/03\/christopher_dedeyan_testimonials-1-1024x410.jpg 1024w\" sizes=\"(max-width: 1920px) 100vw, 1920px\" \/>\t\t\t\t\t\t\t\t<\/div>\n\t\t\t\t\t\t\t\t\t\t\t\t\t<\/li>\n\t\t\t\t\t\t\t\t\t\t\t\t<li>\n\t\t\t\t\t\t\t<div class=\"qt-slider-caption qt-vc qt-text-white\">\n\t\t\t\t\t\t\t\t<div class=\"qt-vi\">\n\t\t\t\t\t\t\t\t\t<div class=\"qt-texts\">\n\n\t\t\t\t\t\t\t\t\t\t<h3 class=\"qt-bottom-textdeco\"><span>\n   \tT\u00e9moignages<\/span><\/h3>\n\t\t\t\t\t\t\t\t\t\t<h2 class=\"qt-textcont qt-thin qt-italic\">\n\t\t\t\t\t\t\t\t\t\t\tChristopher est parmi ces gens d\u2019exceptions qui r\u00e9ussissent toujours \u00e0 rendre les situations difficiles en opportunit\u00e9s\t\t\t\t\t\t\t\t\t\t<\/h2>\n\t\t\t\t\t\t\t\t\t\t<h4 class=\"qt-authorname\"><a href=\"https:\/\/www.christopherdedeyan.com\/fr\/testimonial\/it-will-be-found-in-fact-that-the-ingenious-are-always-fanciful-and-the-truly-imaginative-never-otherwise-than-analytic\/\">JeanPhilippe Morin<\/a><\/h4>\n\t\t\t\t\t\t\t\t\t<\/div>\n\t\t\t\t\t\t\t\t<\/div>\n\t\t\t\t\t\t\t<\/div>\n\t\t\t\t\t\t\t\t\t\t\t\t\t\t\t<div class=\"qt-header-bg\" data-bgimage=\"https:\/\/www.christopherdedeyan.com\/wp-content\/uploads\/2017\/03\/christopher_dedeyan_testimonials-1.jpg\" data-parallax=\"0\">\n\t\t\t\t\t\t\t\t\t<img width=\"1920\" height=\"768\" src=\"https:\/\/www.christopherdedeyan.com\/wp-content\/uploads\/2017\/03\/christopher_dedeyan_testimonials-1.jpg\" class=\"attachment-qantumthemes-large size-qantumthemes-large wp-post-image\" alt=\"\" loading=\"lazy\" srcset=\"https:\/\/www.christopherdedeyan.com\/wp-content\/uploads\/2017\/03\/christopher_dedeyan_testimonials-1.jpg 1920w, https:\/\/www.christopherdedeyan.com\/wp-content\/uploads\/2017\/03\/christopher_dedeyan_testimonials-1-300x120.jpg 300w, https:\/\/www.christopherdedeyan.com\/wp-content\/uploads\/2017\/03\/christopher_dedeyan_testimonials-1-768x307.jpg 768w, https:\/\/www.christopherdedeyan.com\/wp-content\/uploads\/2017\/03\/christopher_dedeyan_testimonials-1-1024x410.jpg 1024w\" sizes=\"(max-width: 1920px) 100vw, 1920px\" \/>\t\t\t\t\t\t\t\t<\/div>\n\t\t\t\t\t\t\t\t\t\t\t\t\t<\/li>\n\t\t\t\t\t\t\t\t\t\t\t\t<li>\n\t\t\t\t\t\t\t<div class=\"qt-slider-caption qt-vc qt-text-white\">\n\t\t\t\t\t\t\t\t<div class=\"qt-vi\">\n\t\t\t\t\t\t\t\t\t<div class=\"qt-texts\">\n\n\t\t\t\t\t\t\t\t\t\t<h3 class=\"qt-bottom-textdeco\"><span>\n   \tT\u00e9moignages<\/span><\/h3>\n\t\t\t\t\t\t\t\t\t\t<h2 class=\"qt-textcont qt-thin qt-italic\">\n\t\t\t\t\t\t\t\t\t\t\tChristopher Dedeyan est une personne qui inspire et qui s&rsquo;inspire des autres!\t\t\t\t\t\t\t\t\t\t<\/h2>\n\t\t\t\t\t\t\t\t\t\t<h4 class=\"qt-authorname\"><a href=\"https:\/\/www.christopherdedeyan.com\/fr\/testimonial\/a-strong-argument-for-the-religion-of-christ-is-this-that-offences-against-charity-are-about-the-only-ones-which-men-on-their-death-beds-can-be-made-not-to-understand-but-to-feel-as-crime\/\">Anouk Diaz<\/a><\/h4>\n\t\t\t\t\t\t\t\t\t<\/div>\n\t\t\t\t\t\t\t\t<\/div>\n\t\t\t\t\t\t\t<\/div>\n\t\t\t\t\t\t\t\t\t\t\t\t\t\t\t<div class=\"qt-header-bg\" data-bgimage=\"https:\/\/www.christopherdedeyan.com\/wp-content\/uploads\/2017\/03\/christopher_dedeyan_testimonials-1.jpg\" data-parallax=\"0\">\n\t\t\t\t\t\t\t\t\t<img width=\"1920\" height=\"768\" src=\"https:\/\/www.christopherdedeyan.com\/wp-content\/uploads\/2017\/03\/christopher_dedeyan_testimonials-1.jpg\" class=\"attachment-qantumthemes-large size-qantumthemes-large wp-post-image\" alt=\"\" loading=\"lazy\" srcset=\"https:\/\/www.christopherdedeyan.com\/wp-content\/uploads\/2017\/03\/christopher_dedeyan_testimonials-1.jpg 1920w, https:\/\/www.christopherdedeyan.com\/wp-content\/uploads\/2017\/03\/christopher_dedeyan_testimonials-1-300x120.jpg 300w, https:\/\/www.christopherdedeyan.com\/wp-content\/uploads\/2017\/03\/christopher_dedeyan_testimonials-1-768x307.jpg 768w, https:\/\/www.christopherdedeyan.com\/wp-content\/uploads\/2017\/03\/christopher_dedeyan_testimonials-1-1024x410.jpg 1024w\" sizes=\"(max-width: 1920px) 100vw, 1920px\" \/>\t\t\t\t\t\t\t\t<\/div>\n\t\t\t\t\t\t\t\t\t\t\t\t\t<\/li>\n\t\t\t\t\t\t\t\t\t\t\t\t<li>\n\t\t\t\t\t\t\t<div class=\"qt-slider-caption qt-vc qt-text-white\">\n\t\t\t\t\t\t\t\t<div class=\"qt-vi\">\n\t\t\t\t\t\t\t\t\t<div class=\"qt-texts\">\n\n\t\t\t\t\t\t\t\t\t\t<h3 class=\"qt-bottom-textdeco\"><span>\n   \tT\u00e9moignages<\/span><\/h3>\n\t\t\t\t\t\t\t\t\t\t<h2 class=\"qt-textcont qt-thin qt-italic\">\n\t\t\t\t\t\t\t\t\t\t\tChristopher, vous avez trouv\u00e9 les mots qui ont capt\u00e9 l\u2019attention et touch\u00e9 les coeurs. Un grand merci!\t\t\t\t\t\t\t\t\t\t<\/h2>\n\t\t\t\t\t\t\t\t\t\t<h4 class=\"qt-authorname\"><a href=\"https:\/\/www.christopherdedeyan.com\/fr\/testimonial\/in-one-case-out-of-a-hundred-a-point-is-excessively-discussed-because-it-is-obscure-in-the-ninety-nine-remaining-it-is-obscure-because-it-is-excessively-discussed\/\">Isabelle Gadbois<\/a><\/h4>\n\t\t\t\t\t\t\t\t\t<\/div>\n\t\t\t\t\t\t\t\t<\/div>\n\t\t\t\t\t\t\t<\/div>\n\t\t\t\t\t\t\t\t\t\t\t\t\t\t\t<div class=\"qt-header-bg\" data-bgimage=\"https:\/\/www.christopherdedeyan.com\/wp-content\/uploads\/2017\/03\/christopher_dedeyan_testimonials-1.jpg\" data-parallax=\"0\">\n\t\t\t\t\t\t\t\t\t<img width=\"1920\" height=\"768\" src=\"https:\/\/www.christopherdedeyan.com\/wp-content\/uploads\/2017\/03\/christopher_dedeyan_testimonials-1.jpg\" class=\"attachment-qantumthemes-large size-qantumthemes-large wp-post-image\" alt=\"\" loading=\"lazy\" srcset=\"https:\/\/www.christopherdedeyan.com\/wp-content\/uploads\/2017\/03\/christopher_dedeyan_testimonials-1.jpg 1920w, https:\/\/www.christopherdedeyan.com\/wp-content\/uploads\/2017\/03\/christopher_dedeyan_testimonials-1-300x120.jpg 300w, https:\/\/www.christopherdedeyan.com\/wp-content\/uploads\/2017\/03\/christopher_dedeyan_testimonials-1-768x307.jpg 768w, https:\/\/www.christopherdedeyan.com\/wp-content\/uploads\/2017\/03\/christopher_dedeyan_testimonials-1-1024x410.jpg 1024w\" sizes=\"(max-width: 1920px) 100vw, 1920px\" \/>\t\t\t\t\t\t\t\t<\/div>\n\t\t\t\t\t\t\t\t\t\t\t\t\t<\/li>\n\t\t\t\t\t\t\t\t\t\t<\/ul>\n\t\t\t\t<div class=\"qt-control-arrows\">\n\t\t\t\t\t<a href=\"#!\" class=\"qt-btn qt-btn-l qt-btn-secondary prev qt-slideshow-link waves-effect\"><i class=\"dripicons-chevron-left\"><\/i><\/a>\n\t\t\t\t\t<a href=\"#!\" class=\"qt-btn qt-btn-l qt-btn-secondary next qt-slideshow-link waves-effect\"><i class=\"dripicons-chevron-right\"><\/i><\/a>\n\t\t\t\t<\/div>\n\t\t\t<\/div>\n\t\t\t<!-- SLIDESHOW TESTIMONIAL END ========================= -->\n\t\t\t[\/vc_column][\/vc_row]<\/p>\n","protected":false},"excerpt":{"rendered":"<p>[vc_row qt_container=\u00a0\u00bbtrue\u00a0\u00bb css=\u00a0\u00bb.vc_custom_1523304206457{padding-top: 30px !important;background-color: #ffffff !important;}\u00a0\u00bb el_class=\u00a0\u00bbChristopher_list\u00a0\u00bb][vc_column width=\u00a0\u00bb1\/3&Prime;][vc_single_image image=\u00a0\u00bb2329&Prime; img_size=\u00a0\u00bbfull\u00a0\u00bb css=\u00a0\u00bb.vc_custom_1575192959525{padding-right: 10px !important;}\u00a0\u00bb][\/vc_column][vc_column width=\u00a0\u00bb2\/3&Prime; el_class=\u00a0\u00bbChristopher_list\u00a0\u00bb][vc_column_text]Trouvez votre objectif et devenez un individu performant au sein de votre vie professionnelle et personnelle. Christopher vous aidera \u00e0 obtenir les r\u00e9sultats souhait\u00e9s\u2026 Sans cesse! Si vous vivez le style de vie de f\u00eate ou de famine et que [&hellip;]<\/p>\n","protected":false},"author":3,"featured_media":1173,"parent":0,"menu_order":0,"comment_status":"closed","ping_status":"closed","template":"page-visualcomposer.php","meta":{"_monsterinsights_skip_tracking":false,"_monsterinsights_sitenote_active":false,"_monsterinsights_sitenote_note":"","_monsterinsights_sitenote_category":0},"yoast_head":"<!-- This site is optimized with the Yoast SEO plugin v15.4 - https:\/\/yoast.com\/wordpress\/plugins\/seo\/ -->\n<title>Conf\u00e9rence - Christopher<\/title>\n<meta name=\"robots\" content=\"index, follow, max-snippet:-1, max-image-preview:large, max-video-preview:-1\" \/>\n<link rel=\"canonical\" href=\"https:\/\/www.christopherdedeyan.com\/fr\/conference\/\" \/>\n<meta property=\"og:locale\" content=\"fr_FR\" \/>\n<meta property=\"og:type\" content=\"article\" \/>\n<meta property=\"og:title\" content=\"Conf\u00e9rence - Christopher\" \/>\n<meta property=\"og:description\" content=\"[vc_row qt_container=\u00a0\u00bbtrue\u00a0\u00bb css=\u00a0\u00bb.vc_custom_1523304206457{padding-top: 30px !important;background-color: #ffffff !important;}\u00a0\u00bb el_class=\u00a0\u00bbChristopher_list\u00a0\u00bb][vc_column width=\u00a0\u00bb1\/3&Prime;][vc_single_image image=\u00a0\u00bb2329&Prime; img_size=\u00a0\u00bbfull\u00a0\u00bb css=\u00a0\u00bb.vc_custom_1575192959525{padding-right: 10px !important;}\u00a0\u00bb][\/vc_column][vc_column width=\u00a0\u00bb2\/3&Prime; el_class=\u00a0\u00bbChristopher_list\u00a0\u00bb][vc_column_text]Trouvez votre objectif et devenez un individu performant au sein de votre vie professionnelle et personnelle. Christopher vous aidera \u00e0 obtenir les r\u00e9sultats souhait\u00e9s\u2026 Sans cesse! Si vous vivez le style de vie de f\u00eate ou de famine et que [&hellip;]\" \/>\n<meta property=\"og:url\" content=\"https:\/\/www.christopherdedeyan.com\/fr\/conference\/\" \/>\n<meta property=\"og:site_name\" content=\"Christopher\" \/>\n<meta property=\"article:publisher\" content=\"https:\/\/www.facebook.com\/ChristopherDedeyan\/\" \/>\n<meta property=\"article:modified_time\" content=\"2019-12-17T10:45:40+00:00\" \/>\n<meta property=\"og:image\" content=\"https:\/\/www.christopherdedeyan.com\/wp-content\/uploads\/2018\/03\/Book-Christopher.jpg\" \/>\n\t<meta property=\"og:image:width\" content=\"1920\" \/>\n\t<meta property=\"og:image:height\" content=\"666\" \/>\n<meta name=\"twitter:card\" content=\"summary_large_image\" \/>\n<meta name=\"twitter:creator\" content=\"@chrisdedeyan\" \/>\n<meta name=\"twitter:site\" content=\"@chrisdedeyan\" \/>\n<meta name=\"twitter:label1\" content=\"\u00c9crit par\">\n\t<meta name=\"twitter:data1\" content=\"Christopher Dedeyan\">\n\t<meta name=\"twitter:label2\" content=\"Dur\u00e9e de lecture est.\">\n\t<meta name=\"twitter:data2\" content=\"3 minutes\">\n<script type=\"application\/ld+json\" class=\"yoast-schema-graph\">{\"@context\":\"https:\/\/schema.org\",\"@graph\":[{\"@type\":\"WebSite\",\"@id\":\"https:\/\/www.christopherdedeyan.com\/#website\",\"url\":\"https:\/\/www.christopherdedeyan.com\/\",\"name\":\"Christopher Dedeyan\",\"description\":\"\",\"potentialAction\":[{\"@type\":\"SearchAction\",\"target\":\"https:\/\/www.christopherdedeyan.com\/?s={search_term_string}\",\"query-input\":\"required name=search_term_string\"}],\"inLanguage\":\"fr-FR\"},{\"@type\":\"ImageObject\",\"@id\":\"https:\/\/www.christopherdedeyan.com\/fr\/conference\/#primaryimage\",\"inLanguage\":\"fr-FR\",\"url\":\"https:\/\/www.christopherdedeyan.com\/wp-content\/uploads\/2018\/03\/Book-Christopher.jpg\",\"width\":1920,\"height\":666},{\"@type\":\"WebPage\",\"@id\":\"https:\/\/www.christopherdedeyan.com\/fr\/conference\/#webpage\",\"url\":\"https:\/\/www.christopherdedeyan.com\/fr\/conference\/\",\"name\":\"Conf\\u00e9rence - Christopher\",\"isPartOf\":{\"@id\":\"https:\/\/www.christopherdedeyan.com\/#website\"},\"primaryImageOfPage\":{\"@id\":\"https:\/\/www.christopherdedeyan.com\/fr\/conference\/#primaryimage\"},\"datePublished\":\"2018-03-27T17:20:40+00:00\",\"dateModified\":\"2019-12-17T10:45:40+00:00\",\"inLanguage\":\"fr-FR\",\"potentialAction\":[{\"@type\":\"ReadAction\",\"target\":[\"https:\/\/www.christopherdedeyan.com\/fr\/conference\/\"]}]}]}<\/script>\n<!-- \/ Yoast SEO plugin. -->","_links":{"self":[{"href":"https:\/\/www.christopherdedeyan.com\/fr\/wp-json\/wp\/v2\/pages\/1130"}],"collection":[{"href":"https:\/\/www.christopherdedeyan.com\/fr\/wp-json\/wp\/v2\/pages"}],"about":[{"href":"https:\/\/www.christopherdedeyan.com\/fr\/wp-json\/wp\/v2\/types\/page"}],"author":[{"embeddable":true,"href":"https:\/\/www.christopherdedeyan.com\/fr\/wp-json\/wp\/v2\/users\/3"}],"replies":[{"embeddable":true,"href":"https:\/\/www.christopherdedeyan.com\/fr\/wp-json\/wp\/v2\/comments?post=1130"}],"version-history":[{"count":29,"href":"https:\/\/www.christopherdedeyan.com\/fr\/wp-json\/wp\/v2\/pages\/1130\/revisions"}],"predecessor-version":[{"id":2409,"href":"https:\/\/www.christopherdedeyan.com\/fr\/wp-json\/wp\/v2\/pages\/1130\/revisions\/2409"}],"wp:featuredmedia":[{"embeddable":true,"href":"https:\/\/www.christopherdedeyan.com\/fr\/wp-json\/wp\/v2\/media\/1173"}],"wp:attachment":[{"href":"https:\/\/www.christopherdedeyan.com\/fr\/wp-json\/wp\/v2\/media?parent=1130"}],"curies":[{"name":"wp","href":"https:\/\/api.w.org\/{rel}","templated":true}]}}