{"id":1143,"date":"2018-03-27T17:47:46","date_gmt":"2018-03-27T17:47:46","guid":{"rendered":"http:\/\/www.christopherdedeyan.commeet-christopher\/"},"modified":"2019-12-19T16:20:47","modified_gmt":"2019-12-19T16:20:47","slug":"meet-christopher","status":"publish","type":"page","link":"https:\/\/www.christopherdedeyan.com\/fr\/meet-christopher\/","title":{"rendered":"Rencontrez Christopher"},"content":{"rendered":"<p>[vc_row qt_container=\u00a0\u00bbtrue\u00a0\u00bb el_class=\u00a0\u00bblife-coach-section meet-christopher \u00a0\u00bb css=\u00a0\u00bb.vc_custom_1523009432065{background-color: #f7f7f7 !important;}\u00a0\u00bb el_id=\u00a0\u00bbqtcontents\u00a0\u00bb][vc_column][vc_row_inner][vc_column_inner width=\u00a0\u00bb1\/2&Prime;][vc_custom_heading text=\u00a0\u00bbConf\u00e9rencier professionnel,<br \/>\nCoach de Haute Performance et<br \/>\nD\u00e9fenseur des Troubles d&rsquo;Apprentissage\u00a0\u00bb][vc_column_text]Christopher Dedeyan est un conf\u00e9rencier professionnel et un expert en performance de pointe qui aide les entrepreneurs, dirigeants et employ\u00e9s \u00e0 g\u00e9rer le stress, augmenter la productivit\u00e9 et avoir plus d&rsquo;\u00e9nergie.\u00a0Il transmet toujours son message de mani\u00e8re humoristique, charmante, \u00e9nergique et passionn\u00e9e.<\/p>\n<p>Il a d\u00e9velopp\u00e9 ses comp\u00e9tences entrepreneuriales et de communication au cours des cinq ann\u00e9es qu&rsquo;il a construit et dirig\u00e9 sa compagnie de courtage immobilier. Pendant ce temps, Christopher a remarqu\u00e9 qu&rsquo;il pouvait aider ses coll\u00e8gues avec le d\u00e9veloppement personnel en incorporant de nouveaux rituels et habitudes dans leur vie qui les aident non seulement dans leur entreprise mais aussi dans leur vie personnelle.<\/p>\n<p>Diagnostiqu\u00e9 avec la dyslexie \u00e0 l&rsquo;\u00e2ge de huit ans, il a \u00e9t\u00e9 confront\u00e9 \u00e0 de nombreux \u00e9checs en cours de route. \u00c0 cause de son attitude implacable de ne jamais abandonner, les \u00e9checs lui ont appris \u00e0 r\u00e9ussir. Il attribue une grande partie de son succ\u00e8s en tant qu&rsquo;entrepreneur aux le\u00e7ons qu&rsquo;il a apprises en grandissant dans le syst\u00e8me scolaire en tant que dyslexique.<\/p>\n<p>Christopher aide ses clients de coaching \u00e0 devenir les meilleures versions d&rsquo;eux-m\u00eames. Il croit vraiment au d\u00e9veloppement personnel. Il ne se contente pas de parler, mais il marche la marche avec lui-m\u00eame en ayant huit entra\u00eeneurs et mentors pour toutes les facettes et tous les aspects de la vie. Ces conseillers l&rsquo;aident et le rendent responsable pour devenir la meilleure version de lui-m\u00eame afin qu&rsquo;il puisse finalement servir les autres.<\/p>\n<p>Christopher a parl\u00e9 devant plusieurs milliers de personnes. Dans les salles de classe, les universit\u00e9s, les entreprises et les associations professionnelles en tant qu&rsquo;orateur principal. Il a \u00e9t\u00e9 \u00a0pr\u00e9sent\u00e9 dans Le Devoir, \u201cLa Belle Gang\u201d de Canal Vie et a travaill\u00e9 avec le minist\u00e8re de l&rsquo;\u00c9ducation du Qu\u00e9bec pour leur politique de r\u00e9ussite scolaire.[\/vc_column_text][vc_single_image image=\u00a0\u00bb2227&Prime; img_size=\u00a0\u00bb\u00a0\u00bb][vc_icon icon_fontawesome=\u00a0\u00bbfa fa-facebook\u00a0\u00bb color=\u00a0\u00bbcustom\u00a0\u00bb el_class=\u00a0\u00bbfirst-icon\u00a0\u00bb css=\u00a0\u00bb.vc_custom_1523450014637{margin-left: -20px !important;}\u00a0\u00bb link=\u00a0\u00bburl:https%3A%2F%2Fwww.facebook.com%2FChristopherDedeyan%2F||target:%20_blank|\u00a0\u00bb][vc_icon icon_fontawesome=\u00a0\u00bbfa fa-instagram\u00a0\u00bb color=\u00a0\u00bbcustom\u00a0\u00bb link=\u00a0\u00bburl:https%3A%2F%2Fwww.instagram.com%2Fchristopherdedeyan%2F||target:%20_blank|\u00a0\u00bb][vc_icon icon_fontawesome=\u00a0\u00bbfa fa-twitter\u00a0\u00bb color=\u00a0\u00bbcustom\u00a0\u00bb link=\u00a0\u00bburl:https%3A%2F%2Ftwitter.com%2Fchrisdedeyan%3Flang%3Den||target:%20_blank|\u00a0\u00bb][vc_icon icon_fontawesome=\u00a0\u00bbfa fa-youtube-play\u00a0\u00bb color=\u00a0\u00bbcustom\u00a0\u00bb link=\u00a0\u00bburl:https%3A%2F%2Fwww.youtube.com%2Fchannel%2FUChYsxip-UNPFydaDReRjsVQ||target:%20_blank|\u00a0\u00bb][vc_icon icon_fontawesome=\u00a0\u00bbfa fa-linkedin-square\u00a0\u00bb color=\u00a0\u00bbcustom\u00a0\u00bb link=\u00a0\u00bburl:https%3A%2F%2Fwww.linkedin.com%2Fin%2Fchristopherdedeyan%2F||target:%20_blank|\u00a0\u00bb][vc_btn title=\u00a0\u00bbR\u00c9SERVEZ CHRISTOPHER\u00a0\u00bb style=\u00a0\u00bbflat\u00a0\u00bb shape=\u00a0\u00bbsquare\u00a0\u00bb color=\u00a0\u00bbwhite\u00a0\u00bb align=\u00a0\u00bbleft\u00a0\u00bb link=\u00a0\u00bburl:http%3A%2F%2Fchristopherdedeyan.com%2Ffr%2Fbook-christopher%2F|||\u00a0\u00bb][\/vc_column_inner][vc_column_inner width=\u00a0\u00bb1\/2&Prime;][vc_single_image image=\u00a0\u00bb1070&Prime; img_size=\u00a0\u00bbfull\u00a0\u00bb alignment=\u00a0\u00bbcenter\u00a0\u00bb][\/vc_column_inner][\/vc_row_inner][\/vc_column][\/vc_row][vc_row css_animation=\u00a0\u00bbnone\u00a0\u00bb el_class=\u00a0\u00bbtestimonial-section\u00a0\u00bb][vc_column css_animation=\u00a0\u00bbnone\u00a0\u00bb]\t\t\t<!-- SLIDESHOW TESTIMONIAL ========================= -->\n\t\t\t <div class=\"slider qt-material-slider qt-testimonial-slider\">\n\t\t\t\t<ul class=\"slides\">\n\t\t\t\t\t\t\t\t\t\t\t<li>\n\t\t\t\t\t\t\t<div class=\"qt-slider-caption qt-vc qt-text-white\">\n\t\t\t\t\t\t\t\t<div class=\"qt-vi\">\n\t\t\t\t\t\t\t\t\t<div class=\"qt-texts\">\n\n\t\t\t\t\t\t\t\t\t\t<h3 class=\"qt-bottom-textdeco\"><span>\n   \tT\u00e9moignages<\/span><\/h3>\n\t\t\t\t\t\t\t\t\t\t<h2 class=\"qt-textcont qt-thin qt-italic\">\n\t\t\t\t\t\t\t\t\t\t\tChristopher Dedeyan a \u00e9t\u00e9 mis sur ma route pour que je puisse terminer mon ann\u00e9e de fa\u00e7on positive et en sant\u00e9!\t\t\t\t\t\t\t\t\t\t<\/h2>\n\t\t\t\t\t\t\t\t\t\t<h4 class=\"qt-authorname\"><a href=\"https:\/\/www.christopherdedeyan.com\/fr\/testimonial\/the-ninety-and-nine-are-with-dreams-content-but-the-hope-of-the-world-made-new-is-the-hundredth-man-who-is-grimly-bent-on-making-those-dreams-come-true\/\">Enseignante \u00e0 l\u2019\u00e9cole Johnny Pilot de Uashat<\/a><\/h4>\n\t\t\t\t\t\t\t\t\t<\/div>\n\t\t\t\t\t\t\t\t<\/div>\n\t\t\t\t\t\t\t<\/div>\n\t\t\t\t\t\t\t\t\t\t\t\t\t\t\t<div class=\"qt-header-bg\" data-bgimage=\"https:\/\/www.christopherdedeyan.com\/wp-content\/uploads\/2017\/03\/christopher_dedeyan_testimonials-1.jpg\" data-parallax=\"0\">\n\t\t\t\t\t\t\t\t\t<img width=\"1920\" height=\"768\" src=\"https:\/\/www.christopherdedeyan.com\/wp-content\/uploads\/2017\/03\/christopher_dedeyan_testimonials-1.jpg\" class=\"attachment-qantumthemes-large size-qantumthemes-large wp-post-image\" alt=\"\" loading=\"lazy\" srcset=\"https:\/\/www.christopherdedeyan.com\/wp-content\/uploads\/2017\/03\/christopher_dedeyan_testimonials-1.jpg 1920w, https:\/\/www.christopherdedeyan.com\/wp-content\/uploads\/2017\/03\/christopher_dedeyan_testimonials-1-300x120.jpg 300w, https:\/\/www.christopherdedeyan.com\/wp-content\/uploads\/2017\/03\/christopher_dedeyan_testimonials-1-768x307.jpg 768w, https:\/\/www.christopherdedeyan.com\/wp-content\/uploads\/2017\/03\/christopher_dedeyan_testimonials-1-1024x410.jpg 1024w\" sizes=\"(max-width: 1920px) 100vw, 1920px\" \/>\t\t\t\t\t\t\t\t<\/div>\n\t\t\t\t\t\t\t\t\t\t\t\t\t<\/li>\n\t\t\t\t\t\t\t\t\t\t\t\t<li>\n\t\t\t\t\t\t\t<div class=\"qt-slider-caption qt-vc qt-text-white\">\n\t\t\t\t\t\t\t\t<div class=\"qt-vi\">\n\t\t\t\t\t\t\t\t\t<div class=\"qt-texts\">\n\n\t\t\t\t\t\t\t\t\t\t<h3 class=\"qt-bottom-textdeco\"><span>\n   \tT\u00e9moignages<\/span><\/h3>\n\t\t\t\t\t\t\t\t\t\t<h2 class=\"qt-textcont qt-thin qt-italic\">\n\t\t\t\t\t\t\t\t\t\t\tChristopher est parmi ces gens d\u2019exceptions qui r\u00e9ussissent toujours \u00e0 rendre les situations difficiles en opportunit\u00e9s\t\t\t\t\t\t\t\t\t\t<\/h2>\n\t\t\t\t\t\t\t\t\t\t<h4 class=\"qt-authorname\"><a href=\"https:\/\/www.christopherdedeyan.com\/fr\/testimonial\/it-will-be-found-in-fact-that-the-ingenious-are-always-fanciful-and-the-truly-imaginative-never-otherwise-than-analytic\/\">JeanPhilippe Morin<\/a><\/h4>\n\t\t\t\t\t\t\t\t\t<\/div>\n\t\t\t\t\t\t\t\t<\/div>\n\t\t\t\t\t\t\t<\/div>\n\t\t\t\t\t\t\t\t\t\t\t\t\t\t\t<div class=\"qt-header-bg\" data-bgimage=\"https:\/\/www.christopherdedeyan.com\/wp-content\/uploads\/2017\/03\/christopher_dedeyan_testimonials-1.jpg\" data-parallax=\"0\">\n\t\t\t\t\t\t\t\t\t<img width=\"1920\" height=\"768\" src=\"https:\/\/www.christopherdedeyan.com\/wp-content\/uploads\/2017\/03\/christopher_dedeyan_testimonials-1.jpg\" class=\"attachment-qantumthemes-large size-qantumthemes-large wp-post-image\" alt=\"\" loading=\"lazy\" srcset=\"https:\/\/www.christopherdedeyan.com\/wp-content\/uploads\/2017\/03\/christopher_dedeyan_testimonials-1.jpg 1920w, https:\/\/www.christopherdedeyan.com\/wp-content\/uploads\/2017\/03\/christopher_dedeyan_testimonials-1-300x120.jpg 300w, https:\/\/www.christopherdedeyan.com\/wp-content\/uploads\/2017\/03\/christopher_dedeyan_testimonials-1-768x307.jpg 768w, https:\/\/www.christopherdedeyan.com\/wp-content\/uploads\/2017\/03\/christopher_dedeyan_testimonials-1-1024x410.jpg 1024w\" sizes=\"(max-width: 1920px) 100vw, 1920px\" \/>\t\t\t\t\t\t\t\t<\/div>\n\t\t\t\t\t\t\t\t\t\t\t\t\t<\/li>\n\t\t\t\t\t\t\t\t\t\t\t\t<li>\n\t\t\t\t\t\t\t<div class=\"qt-slider-caption qt-vc qt-text-white\">\n\t\t\t\t\t\t\t\t<div class=\"qt-vi\">\n\t\t\t\t\t\t\t\t\t<div class=\"qt-texts\">\n\n\t\t\t\t\t\t\t\t\t\t<h3 class=\"qt-bottom-textdeco\"><span>\n   \tT\u00e9moignages<\/span><\/h3>\n\t\t\t\t\t\t\t\t\t\t<h2 class=\"qt-textcont qt-thin qt-italic\">\n\t\t\t\t\t\t\t\t\t\t\tChristopher Dedeyan est une personne qui inspire et qui s&rsquo;inspire des autres!\t\t\t\t\t\t\t\t\t\t<\/h2>\n\t\t\t\t\t\t\t\t\t\t<h4 class=\"qt-authorname\"><a href=\"https:\/\/www.christopherdedeyan.com\/fr\/testimonial\/a-strong-argument-for-the-religion-of-christ-is-this-that-offences-against-charity-are-about-the-only-ones-which-men-on-their-death-beds-can-be-made-not-to-understand-but-to-feel-as-crime\/\">Anouk Diaz<\/a><\/h4>\n\t\t\t\t\t\t\t\t\t<\/div>\n\t\t\t\t\t\t\t\t<\/div>\n\t\t\t\t\t\t\t<\/div>\n\t\t\t\t\t\t\t\t\t\t\t\t\t\t\t<div class=\"qt-header-bg\" data-bgimage=\"https:\/\/www.christopherdedeyan.com\/wp-content\/uploads\/2017\/03\/christopher_dedeyan_testimonials-1.jpg\" data-parallax=\"0\">\n\t\t\t\t\t\t\t\t\t<img width=\"1920\" height=\"768\" src=\"https:\/\/www.christopherdedeyan.com\/wp-content\/uploads\/2017\/03\/christopher_dedeyan_testimonials-1.jpg\" class=\"attachment-qantumthemes-large size-qantumthemes-large wp-post-image\" alt=\"\" loading=\"lazy\" srcset=\"https:\/\/www.christopherdedeyan.com\/wp-content\/uploads\/2017\/03\/christopher_dedeyan_testimonials-1.jpg 1920w, https:\/\/www.christopherdedeyan.com\/wp-content\/uploads\/2017\/03\/christopher_dedeyan_testimonials-1-300x120.jpg 300w, https:\/\/www.christopherdedeyan.com\/wp-content\/uploads\/2017\/03\/christopher_dedeyan_testimonials-1-768x307.jpg 768w, https:\/\/www.christopherdedeyan.com\/wp-content\/uploads\/2017\/03\/christopher_dedeyan_testimonials-1-1024x410.jpg 1024w\" sizes=\"(max-width: 1920px) 100vw, 1920px\" \/>\t\t\t\t\t\t\t\t<\/div>\n\t\t\t\t\t\t\t\t\t\t\t\t\t<\/li>\n\t\t\t\t\t\t\t\t\t\t\t\t<li>\n\t\t\t\t\t\t\t<div class=\"qt-slider-caption qt-vc qt-text-white\">\n\t\t\t\t\t\t\t\t<div class=\"qt-vi\">\n\t\t\t\t\t\t\t\t\t<div class=\"qt-texts\">\n\n\t\t\t\t\t\t\t\t\t\t<h3 class=\"qt-bottom-textdeco\"><span>\n   \tT\u00e9moignages<\/span><\/h3>\n\t\t\t\t\t\t\t\t\t\t<h2 class=\"qt-textcont qt-thin qt-italic\">\n\t\t\t\t\t\t\t\t\t\t\tChristopher, vous avez trouv\u00e9 les mots qui ont capt\u00e9 l\u2019attention et touch\u00e9 les coeurs. Un grand merci!\t\t\t\t\t\t\t\t\t\t<\/h2>\n\t\t\t\t\t\t\t\t\t\t<h4 class=\"qt-authorname\"><a href=\"https:\/\/www.christopherdedeyan.com\/fr\/testimonial\/in-one-case-out-of-a-hundred-a-point-is-excessively-discussed-because-it-is-obscure-in-the-ninety-nine-remaining-it-is-obscure-because-it-is-excessively-discussed\/\">Isabelle Gadbois<\/a><\/h4>\n\t\t\t\t\t\t\t\t\t<\/div>\n\t\t\t\t\t\t\t\t<\/div>\n\t\t\t\t\t\t\t<\/div>\n\t\t\t\t\t\t\t\t\t\t\t\t\t\t\t<div class=\"qt-header-bg\" data-bgimage=\"https:\/\/www.christopherdedeyan.com\/wp-content\/uploads\/2017\/03\/christopher_dedeyan_testimonials-1.jpg\" data-parallax=\"0\">\n\t\t\t\t\t\t\t\t\t<img width=\"1920\" height=\"768\" src=\"https:\/\/www.christopherdedeyan.com\/wp-content\/uploads\/2017\/03\/christopher_dedeyan_testimonials-1.jpg\" class=\"attachment-qantumthemes-large size-qantumthemes-large wp-post-image\" alt=\"\" loading=\"lazy\" srcset=\"https:\/\/www.christopherdedeyan.com\/wp-content\/uploads\/2017\/03\/christopher_dedeyan_testimonials-1.jpg 1920w, https:\/\/www.christopherdedeyan.com\/wp-content\/uploads\/2017\/03\/christopher_dedeyan_testimonials-1-300x120.jpg 300w, https:\/\/www.christopherdedeyan.com\/wp-content\/uploads\/2017\/03\/christopher_dedeyan_testimonials-1-768x307.jpg 768w, https:\/\/www.christopherdedeyan.com\/wp-content\/uploads\/2017\/03\/christopher_dedeyan_testimonials-1-1024x410.jpg 1024w\" sizes=\"(max-width: 1920px) 100vw, 1920px\" \/>\t\t\t\t\t\t\t\t<\/div>\n\t\t\t\t\t\t\t\t\t\t\t\t\t<\/li>\n\t\t\t\t\t\t\t\t\t\t<\/ul>\n\t\t\t\t<div class=\"qt-control-arrows\">\n\t\t\t\t\t<a href=\"#!\" class=\"qt-btn qt-btn-l qt-btn-secondary prev qt-slideshow-link waves-effect\"><i class=\"dripicons-chevron-left\"><\/i><\/a>\n\t\t\t\t\t<a href=\"#!\" class=\"qt-btn qt-btn-l qt-btn-secondary next qt-slideshow-link waves-effect\"><i class=\"dripicons-chevron-right\"><\/i><\/a>\n\t\t\t\t<\/div>\n\t\t\t<\/div>\n\t\t\t<!-- SLIDESHOW TESTIMONIAL END ========================= -->\n\t\t\t[\/vc_column][\/vc_row]<\/p>\n","protected":false},"excerpt":{"rendered":"<p>[vc_row qt_container=\u00a0\u00bbtrue\u00a0\u00bb el_class=\u00a0\u00bblife-coach-section meet-christopher \u00a0\u00bb css=\u00a0\u00bb.vc_custom_1523009432065{background-color: #f7f7f7 !important;}\u00a0\u00bb el_id=\u00a0\u00bbqtcontents\u00a0\u00bb][vc_column][vc_row_inner][vc_column_inner width=\u00a0\u00bb1\/2&Prime;][vc_custom_heading text=\u00a0\u00bbConf\u00e9rencier professionnel, Coach de Haute Performance et D\u00e9fenseur des Troubles d&rsquo;Apprentissage\u00a0\u00bb][vc_column_text]Christopher Dedeyan est un conf\u00e9rencier professionnel et un expert en performance de pointe qui aide les entrepreneurs, dirigeants et employ\u00e9s \u00e0 g\u00e9rer le stress, augmenter la productivit\u00e9 et avoir plus d&rsquo;\u00e9nergie.\u00a0Il transmet toujours son message [&hellip;]<\/p>\n","protected":false},"author":3,"featured_media":1199,"parent":0,"menu_order":0,"comment_status":"closed","ping_status":"closed","template":"page-contacts.php","meta":{"_monsterinsights_skip_tracking":false,"_monsterinsights_sitenote_active":false,"_monsterinsights_sitenote_note":"","_monsterinsights_sitenote_category":0},"yoast_head":"<!-- This site is optimized with the Yoast SEO plugin v15.4 - https:\/\/yoast.com\/wordpress\/plugins\/seo\/ -->\n<title>Rencontrez Christopher - Christopher<\/title>\n<meta name=\"robots\" content=\"index, follow, max-snippet:-1, max-image-preview:large, max-video-preview:-1\" \/>\n<link rel=\"canonical\" href=\"https:\/\/www.christopherdedeyan.com\/fr\/meet-christopher\/\" \/>\n<meta property=\"og:locale\" content=\"fr_FR\" \/>\n<meta property=\"og:type\" content=\"article\" \/>\n<meta property=\"og:title\" content=\"Rencontrez Christopher - Christopher\" \/>\n<meta property=\"og:description\" content=\"[vc_row qt_container=\u00a0\u00bbtrue\u00a0\u00bb el_class=\u00a0\u00bblife-coach-section meet-christopher \u00a0\u00bb css=\u00a0\u00bb.vc_custom_1523009432065{background-color: #f7f7f7 !important;}\u00a0\u00bb el_id=\u00a0\u00bbqtcontents\u00a0\u00bb][vc_column][vc_row_inner][vc_column_inner width=\u00a0\u00bb1\/2&Prime;][vc_custom_heading text=\u00a0\u00bbConf\u00e9rencier professionnel, Coach de Haute Performance et D\u00e9fenseur des Troubles d&rsquo;Apprentissage\u00a0\u00bb][vc_column_text]Christopher Dedeyan est un conf\u00e9rencier professionnel et un expert en performance de pointe qui aide les entrepreneurs, dirigeants et employ\u00e9s \u00e0 g\u00e9rer le stress, augmenter la productivit\u00e9 et avoir plus d&rsquo;\u00e9nergie.\u00a0Il transmet toujours son message [&hellip;]\" \/>\n<meta property=\"og:url\" content=\"https:\/\/www.christopherdedeyan.com\/fr\/meet-christopher\/\" \/>\n<meta property=\"og:site_name\" content=\"Christopher\" \/>\n<meta property=\"article:publisher\" content=\"https:\/\/www.facebook.com\/ChristopherDedeyan\/\" \/>\n<meta property=\"article:modified_time\" content=\"2019-12-19T16:20:47+00:00\" \/>\n<meta property=\"og:image\" content=\"https:\/\/www.christopherdedeyan.com\/wp-content\/uploads\/2018\/03\/christopher.png\" \/>\n\t<meta property=\"og:image:width\" content=\"1920\" \/>\n\t<meta property=\"og:image:height\" content=\"666\" \/>\n<meta name=\"twitter:card\" content=\"summary_large_image\" \/>\n<meta name=\"twitter:creator\" content=\"@chrisdedeyan\" \/>\n<meta name=\"twitter:site\" content=\"@chrisdedeyan\" \/>\n<meta name=\"twitter:label1\" content=\"\u00c9crit par\">\n\t<meta name=\"twitter:data1\" content=\"Christopher Dedeyan\">\n\t<meta name=\"twitter:label2\" content=\"Dur\u00e9e de lecture est.\">\n\t<meta name=\"twitter:data2\" content=\"2 minutes\">\n<script type=\"application\/ld+json\" class=\"yoast-schema-graph\">{\"@context\":\"https:\/\/schema.org\",\"@graph\":[{\"@type\":\"WebSite\",\"@id\":\"https:\/\/www.christopherdedeyan.com\/#website\",\"url\":\"https:\/\/www.christopherdedeyan.com\/\",\"name\":\"Christopher Dedeyan\",\"description\":\"\",\"potentialAction\":[{\"@type\":\"SearchAction\",\"target\":\"https:\/\/www.christopherdedeyan.com\/?s={search_term_string}\",\"query-input\":\"required name=search_term_string\"}],\"inLanguage\":\"fr-FR\"},{\"@type\":\"ImageObject\",\"@id\":\"https:\/\/www.christopherdedeyan.com\/fr\/meet-christopher\/#primaryimage\",\"inLanguage\":\"fr-FR\",\"url\":\"https:\/\/www.christopherdedeyan.com\/wp-content\/uploads\/2018\/03\/christopher.png\",\"width\":1920,\"height\":666},{\"@type\":\"WebPage\",\"@id\":\"https:\/\/www.christopherdedeyan.com\/fr\/meet-christopher\/#webpage\",\"url\":\"https:\/\/www.christopherdedeyan.com\/fr\/meet-christopher\/\",\"name\":\"Rencontrez Christopher - Christopher\",\"isPartOf\":{\"@id\":\"https:\/\/www.christopherdedeyan.com\/#website\"},\"primaryImageOfPage\":{\"@id\":\"https:\/\/www.christopherdedeyan.com\/fr\/meet-christopher\/#primaryimage\"},\"datePublished\":\"2018-03-27T17:47:46+00:00\",\"dateModified\":\"2019-12-19T16:20:47+00:00\",\"inLanguage\":\"fr-FR\",\"potentialAction\":[{\"@type\":\"ReadAction\",\"target\":[\"https:\/\/www.christopherdedeyan.com\/fr\/meet-christopher\/\"]}]}]}<\/script>\n<!-- \/ Yoast SEO plugin. -->","_links":{"self":[{"href":"https:\/\/www.christopherdedeyan.com\/fr\/wp-json\/wp\/v2\/pages\/1143"}],"collection":[{"href":"https:\/\/www.christopherdedeyan.com\/fr\/wp-json\/wp\/v2\/pages"}],"about":[{"href":"https:\/\/www.christopherdedeyan.com\/fr\/wp-json\/wp\/v2\/types\/page"}],"author":[{"embeddable":true,"href":"https:\/\/www.christopherdedeyan.com\/fr\/wp-json\/wp\/v2\/users\/3"}],"replies":[{"embeddable":true,"href":"https:\/\/www.christopherdedeyan.com\/fr\/wp-json\/wp\/v2\/comments?post=1143"}],"version-history":[{"count":57,"href":"https:\/\/www.christopherdedeyan.com\/fr\/wp-json\/wp\/v2\/pages\/1143\/revisions"}],"predecessor-version":[{"id":2445,"href":"https:\/\/www.christopherdedeyan.com\/fr\/wp-json\/wp\/v2\/pages\/1143\/revisions\/2445"}],"wp:featuredmedia":[{"embeddable":true,"href":"https:\/\/www.christopherdedeyan.com\/fr\/wp-json\/wp\/v2\/media\/1199"}],"wp:attachment":[{"href":"https:\/\/www.christopherdedeyan.com\/fr\/wp-json\/wp\/v2\/media?parent=1143"}],"curies":[{"name":"wp","href":"https:\/\/api.w.org\/{rel}","templated":true}]}}