{"id":1233,"date":"2017-04-28T14:50:58","date_gmt":"2017-04-28T14:50:58","guid":{"rendered":"http:\/\/www.christopherdedeyan.comprivacy\/"},"modified":"2018-04-27T19:07:48","modified_gmt":"2018-04-27T19:07:48","slug":"privacy","status":"publish","type":"page","link":"https:\/\/www.christopherdedeyan.com\/fr\/privacy\/","title":{"rendered":"Privacy"},"content":{"rendered":"<p><strong>Politique de confidentialit\u00e9 de www.christopherdedeyan.com<\/strong><\/p>\n<p>Afin de recevoir des informations sur vos donn\u00e9es personnelles, les fins et les fournisseurs tiers avec lesquels les donn\u00e9es sont partag\u00e9es, contacter le propri\u00e9taire.<\/p>\n<p>Contr\u00f4leur des donn\u00e9es et propri\u00e9taire :<\/p>\n<p>Christopher Dedeyan<br \/>\ninfo@christopherdedeyan.com<\/p>\n<p><strong>Types de donn\u00e9es collect\u00e9es :<\/strong><\/p>\n<p>Le propri\u00e9taire ne fournit pas une liste du types de donn\u00e9es \u00e0 caract\u00e8re personnel collect\u00e9es. D&rsquo;autres donn\u00e9es \u00e0 caract\u00e8re personnel recueillies peuvent \u00eatre d\u00e9crites dans d&rsquo;autres sections de cette politique de confidentialit\u00e9 ou par expliquation de texte d\u00e9di\u00e9 contextuellement avec la collecte des donn\u00e9es. Les donn\u00e9es personnelles peuvent \u00eatre librement fournies par l&rsquo;utilisateur ou collect\u00e9es automatiquement lors de l&rsquo;utilisation de cette Application.<\/p>\n<p>Toute utilisation des Cookies \u2013ou d&rsquo;autres outils de suivi \u2013par cette Application ou par les titulaires de services de tiers utilis\u00e9s par cette Application, \u00e0 moins d&rsquo;indication contraire, sert \u00e0 identifier les utilisateurs et se conserver leurs pr\u00e9f\u00e9rences, dans le seul but de fournir le service requis par l&rsquo;utilisateur.<\/p>\n<p>Dand l&rsquo;impossibilit\u00e9 de fournir certaines donn\u00e9es personnelles, ce Appliquation application ne fonctionera pas.<\/p>\n<p>L&rsquo;utilisateur assume la responsabilit\u00e9 pour les donn\u00e9es \u00e0 caract\u00e8re personnel de tiers publi\u00e9e ou partag\u00e9e par le biais de cette Application et d\u00e9clare avoir le droit de communiquer ou rediffus\u00e9es, lib\u00e9rant ainsi le contr\u00f4leur des donn\u00e9es de toute responsabilit\u00e9.<\/p>\n<p>Parmi les types de donn\u00e9es \u00e0 caract\u00e8re personnel que cette Application rassemble, par lui-m\u00eame ou par l&rsquo;interm\u00e9diaire de tiers, on retrouve : les Cookie, les donn\u00e9es Canadage, num\u00e9ro de t\u00e9l\u00e9phone, nom de l&rsquo;entreprise, adresse courriel et position g\u00e9ographique.<\/p>\n<p>D&rsquo;autres donn\u00e9es \u00e0 caract\u00e8re personnel recueillies peuvent \u00eatre d\u00e9crites dans d&rsquo;autres sections de cette politique de confidentialit\u00e9 ou de texte d\u00e9di\u00e9 contextuellement avec la collecte des donn\u00e9es.<br \/>\nLes donn\u00e9es personnelles peuvent \u00eatre librement fournies par l&rsquo;utilisateur ou collect\u00e9es automatiquement lors de l&rsquo;utilisation de cette Application.<br \/>\nToute utilisation des Cookies &#8211; ou d&rsquo;autres outils de suivi &#8211; de cette Application ou par les titulaires de services de tiers utilis\u00e9s par cette Application, \u00e0 moins d&rsquo;indication contraire, sert \u00e0 identifier les utilisateurs et conserver leurs pr\u00e9f\u00e9rences, dans le seul but de fournir le service requis par l&rsquo;utilisateur.<\/p>\n<p>Les utilisateurs sont responsables de toutes les donn\u00e9es personnelles de tiers obtenus, publi\u00e9 ou partag\u00e9 par le biais de cette Application et confirment qu&rsquo;ils ont le consentement du tiers pour fournir les donn\u00e9es au propri\u00e9taire.<\/p>\n<p>Mode et le lieu du traitement des donn\u00e9es \/ M\u00e9thodes de traitement<\/p>\n<p>Le contr\u00f4leur de donn\u00e9es traite les donn\u00e9es des utilisateurs d&rsquo;une mani\u00e8re appropri\u00e9e et prennent des mesures de s\u00e9curit\u00e9 appropri\u00e9es pour emp\u00eacher tout acc\u00e8s non autoris\u00e9, divulgation, modification ou destruction non autoris\u00e9e des donn\u00e9es.<br \/>\nLe traitement est effectu\u00e9 \u00e0 l&rsquo;aide d&rsquo;ordinateurs et\/ou des outils IT strictement li\u00e9es aux fins indiqu\u00e9es. En plus, dans certains cas, le &lsquo;contr\u00f4leur des donn\u00e9es&rsquo;, les donn\u00e9es peuvent \u00eatre accessibles \u00e0 certains types de responsables, impliqu\u00e9 dans le fonctionnement du site (administration, ventes, marketing, juridique, administration syst\u00e8me) ou des parties externes (tels que les tiers fournisseurs de service technique, h\u00e9bergeurs, entreprises informatiques, agences de communication) nomm\u00e9s, si n\u00e9cessaire, comme des processeurs de donn\u00e9es par le propri\u00e9taire. La liste actualis\u00e9e de ces parties peut-\u00eatre \u00eatre demand\u00e9e aupr\u00e8s du contr\u00f4leur des donn\u00e9es \u00e0 tout moment.<\/p>\n<p><strong>Lieu :<\/strong><\/p>\n<p>Les donn\u00e9es sont trait\u00e9es dans les bureaux de fonctionnement du contr\u00f4leur des donn\u00e9es et dans tous les autres endroits o\u00f9 se trouvent les parties concern\u00e9es par le traitement. Pour plus amples renseignements, veuillez communiquer avec le contr\u00f4leur des donn\u00e9es.<\/p>\n<p><strong>Temps de r\u00e9tention :<\/strong><\/p>\n<p>Les donn\u00e9es sont conserv\u00e9es pendant le temps n\u00e9cessaires pour fournir le service demand\u00e9 par l&rsquo;utilisateur, ou indiqu\u00e9 par les raisons d\u00e9crites dans ce document, et l&rsquo;utilisateur peut toujours demander que le contr\u00f4leur des donn\u00e9es de suspendre ou supprimer les donn\u00e9es.<\/p>\n<p><strong>L&rsquo;utilisation des donn\u00e9es recueillies :<\/strong><\/p>\n<p>Les donn\u00e9es concernant l&rsquo;utilisateur sont collect\u00e9es afin de permettre au propri\u00e9taire de fournir ses services, ainsi que pour les fins suivantes : Analytique, communiquant avec l&rsquo;utilisateur, bas\u00e9s sur la localisation des interactions et afficher le contenu des plates-formes externes.<\/p>\n<p>Les donn\u00e9es \u00e0 caract\u00e8re personnel utilis\u00e9s pour chaque usage est d\u00e9crit dans les sections sp\u00e9cifiques du pr\u00e9sent document.<br \/>\nInformations d\u00e9taill\u00e9es sur le traitement des donn\u00e9es personnelles<\/p>\n<p>Donn\u00e9es \u00e0 caract\u00e8re personnel sont collect\u00e9es dans les buts suivants et en utilisant les services suivants :<\/p>\n<p>-Analytique<\/p>\n<p>Les services contenus dans cette section permettent au propri\u00e9taire de contr\u00f4ler et d&rsquo;analyser le trafic web et permet de garder une trace de comportement de l&rsquo;utilisateur.<br \/>\nAnalytique de Google (Google). Google Analytique est un service d&rsquo;analyse web fourni par Google Inc. (\u00ab\u00a0Google\u00a0\u00bb). Google utilise les donn\u00e9es recueillies afin de suivre et d&rsquo;examiner l&rsquo;utilisation de cette Application, pour pr\u00e9parer des rapports sur ses activit\u00e9s et les partager avec d&rsquo;autres services Google.<br \/>\nGoogle peut utiliser les donn\u00e9es recueillies pour contextualiser et de personnaliser les publicit\u00e9s de son propre r\u00e9seau de publicit\u00e9.<\/p>\n<p>Les donn\u00e9es personnelles collect\u00e9es : donn\u00e9es de Cookie et Canadage.<\/p>\n<p>Lieu de transformation : Canada-politique de confidentialit\u00e9 \u2013Opt Out<br \/>\nCommuniquer avec l&rsquo;utilisateur<br \/>\nFormulaire de contact (cette demande)<\/p>\n<p>En remplissant le formulaire de contact avec leurs donn\u00e9es, l&rsquo;utilisateur autorise cette Application \u00e0 utiliser ces informations pour r\u00e9pondre aux demandes d&rsquo;informations, de citations ou de tout autre type de demande, comme en t\u00e9moigne l&rsquo;en-t\u00eate du formulaire.<\/p>\n<p>Les donn\u00e9es personnelles collect\u00e9es : nom, adresse courriel et num\u00e9ro de t\u00e9l\u00e9phone de l&rsquo;entreprise.<br \/>\nAfficher le contenu des plates-formes externes<\/p>\n<p>Ces services vous permettent d&rsquo;afficher le contenu h\u00e9berg\u00e9 sur des plateformes externes directement depuis les pages de cette Application et interagir avec eux.<br \/>\nSi un service de ce genre est install\u00e9, il peut recueillir encore donn\u00e9es relatives au trafic pour les pages web o\u00f9 le service est install\u00e9, m\u00eame lorsque les utilisateurs ne l&rsquo;utilisent pas.<br \/>\nWidget Google Maps (Google)<\/p>\n<p>Google Maps est un service de visualisation de cartes fourni par Google Inc. qui permet \u00e0 cette Application d&rsquo;incorporer le contenu de ce genre sur ses pages.<\/p>\n<p><strong>Les donn\u00e9es personnelles collect\u00e9es : donn\u00e9es de Cookie et Canadage.<\/strong><\/p>\n<p>Lieu de transformation : USA \u2013politique de confidentialit\u00e9<br \/>\nBas\u00e9s sur la localisation des interactions<br \/>\nG\u00e9olocalisation (cette demande)<\/p>\n<p>Cette Application peut recueillir, utiliser et partager des emplacement utilisateur donn\u00e9es afin de fournir des services g\u00e9olocalis\u00e9s.<br \/>\nLa plupart des navigateurs et des p\u00e9riph\u00e9riques fournissent des outils pour se retirer de cette fonctionnalit\u00e9 par d\u00e9faut. Si autorisation explicite n&rsquo;a \u00e9t\u00e9 fournie, les donn\u00e9es de localisation de l&rsquo;utilisateur peuvent \u00eatre suivies par cette Application.<\/p>\n<p>Les donn\u00e9es personnelles collect\u00e9es : position g\u00e9ographique.<\/p>\n<p><strong>Interaction avec les r\u00e9seaux sociaux externes et plates-formes<\/strong><\/p>\n<p>Ces services permettent une interaction avec les r\u00e9seaux sociaux ou autres plates-formes externes directement depuis les pages de la pr\u00e9sente demande.<br \/>\nL&rsquo;interaction et les informations obtenues par cette Application sont toujours en fonction des param\u00e8tres de confidentialit\u00e9 de l&rsquo;utilisateur pour chaque r\u00e9seau social.<br \/>\nSi un service permettant aux interactions avec les r\u00e9seaux sociaux sont install\u00e9e il recueille toujours les donn\u00e9es relatives au trafic pour les pages o\u00f9 le service est install\u00e9, m\u00eame lorsque les utilisateurs ne l&rsquo;utilisent pas.<br \/>\nBouton Facebook Like et sociales widgets (Facebook)<\/p>\n<p>Le bouton Facebook Like et les widgets sociaux sont des services permettant une interaction avec le r\u00e9seau social Facebook Facebook Inc.<\/p>\n<p>Les donn\u00e9es personnelles collect\u00e9es : donn\u00e9es de Cookie et Canadage.<\/p>\n<p>Lieu de transformation : Canada-politique de confidentialit\u00e9<br \/>\nBouton Google + 1 et des widgets sociaux (Google)<\/p>\n<p>Le bouton Google + 1 et les widgets sociaux sont des services permettant une interaction avec le r\u00e9seau Google + social fourni par Google Inc.<\/p>\n<p>Les donn\u00e9es personnelles collect\u00e9es : donn\u00e9es de Cookie et Canadage.<\/p>\n<p>Lieu de transformation : Canada-politique de confidentialit\u00e9<br \/>\nBouton Tweet Twitter et sociales widgets (Twitter)<\/p>\n<p>Le bouton Tweet Twitter et les widgets sociaux sont des services permettant une interaction avec le r\u00e9seau social Twitter Twitter Inc.<\/p>\n<p>Les donn\u00e9es personnelles collect\u00e9es : donn\u00e9es de Cookie et Canadage.<\/p>\n<p>Lieu de transformation : Canada-politique de confidentialit\u00e9<br \/>\nBas\u00e9s sur la localisation des interactions<br \/>\nG\u00e9olocalisation (cette demande)<\/p>\n<p>Cette Application peut recueillir, utiliser et partager des emplacement utilisateur donn\u00e9es afin de fournir des services g\u00e9olocalis\u00e9s.<br \/>\nLa plupart des navigateurs et des p\u00e9riph\u00e9riques fournissent des outils pour se retirer de cette fonctionnalit\u00e9 par d\u00e9faut. Si autorisation explicite n&rsquo;a \u00e9t\u00e9 fournie, les donn\u00e9es de localisation de l&rsquo;utilisateur peuvent \u00eatre suivies par cette Application.<\/p>\n<p><strong>Plus d&rsquo;informations sur la collecte de donn\u00e9es et le traitement<\/strong><br \/>\n<strong>Action en justice<\/strong><\/p>\n<p>Les donn\u00e9es personnelles de l&rsquo;utilisateur peuvent servir \u00e0 des fins juridiques par le contr\u00f4leur des donn\u00e9es, dans la Cour ou dans les \u00e9tapes menant \u00e0 une \u00e9ventuelle intervention juridique d\u00e9coulant d&rsquo;une mauvaise utilisation de cette Application ou les services connexes.<br \/>\nL&rsquo;utilisateur d\u00e9clare \u00eatre concient que le controlleur de donn\u00e9es peut \u00eatre requi pour identifier des donn\u00e9es personnelles sur demande des autorit\u00e9s publiques.<\/p>\n<p>Plus d&rsquo;informations sur les donn\u00e9es personnelles de l&rsquo;utilisateur<\/p>\n<p>Outre les informations contenues dans la pr\u00e9sente politique de confidentialit\u00e9, cette Application peut fournir une aide contextuelle de renseignements concernant des services particuliers ou la collecte et de traitement des donn\u00e9es \u00e0 caract\u00e8re personnel sur demande.<br \/>\nMaintenance et les fichiers journaux<\/p>\n<p>Pour des fins de maintenance et exploitation, cette Application et tous les services tiers peuvent recueillir des fichiers qui enregistrent l&rsquo;interaction avec cette Application (fichiers journaux) ou l&rsquo;utilisation \u00e0 cet effet des autres donn\u00e9es personnelles (telles que l&rsquo;adresse IP).<br \/>\nInformation non contenue dans la pr\u00e9sente politique<\/p>\n<p>Plus de d\u00e9tails concernant la collecte ou le traitement des donn\u00e9es \u00e0 caract\u00e8re personnel peuvent \u00eatre demand\u00e9s aupr\u00e8s du contr\u00f4leur des donn\u00e9es \u00e0 tout moment. Veuillez consulter les informations de contact au d\u00e9but de ce document.<\/p>\n<p><strong>Les droits des utilisateurs<\/strong><\/p>\n<p>Les utilisateurs ont le droit, \u00e0 tout moment, de savoir si leurs donn\u00e9es personnelles a \u00e9t\u00e9 stock\u00e9e et peut consulter le contr\u00f4leur des donn\u00e9es pour en savoir plus sur leur contenu et origine, afin de v\u00e9rifier leur exactitude ou de demander \u00e0 \u00eatre compl\u00e9t\u00e9es, annul\u00e9, mis \u00e0 jour ou corrig\u00e9e, ou pour leur transformation en format anonyme ou de bloquer toute donn\u00e9e contenue dans la violation de la Loi , ainsi que pour s&rsquo;opposer \u00e0 leur traitement pour toutes les raisons l\u00e9gitimes. Les demandes doivent \u00eatre envoy\u00e9es au contr\u00f4leur de donn\u00e9es sur les coordonn\u00e9es \u00e9nonc\u00e9es ci-dessus.<\/p>\n<p>Cette Application ne supporte pas les demandes de \u00ab Do Not Track\u00bb.<br \/>\nPour d\u00e9terminer si un service tiers utilise les demandes de \u00ab Do Not Track \u00bb, s&rsquo;il vous pla\u00eet lire leur politique de confidentialit\u00e9.<\/p>\n<p>Changements \u00e0 cette politique de confidentialit\u00e9<\/p>\n<p>Le contr\u00f4leur des donn\u00e9es se r\u00e9serve le droit d&rsquo;apporter des modifications \u00e0 cette politique de confidentialit\u00e9 \u00e0 tout moment en donnant un avis \u00e0 ses utilisateurs sur cette page. Il est fortement recommand\u00e9 de v\u00e9rifier cette page souvent, se r\u00e9f\u00e9rant \u00e0 la date de la derni\u00e8re modification figurant en bas. Si un utilisateur s&rsquo;oppose \u00e0 l&rsquo;un des changements \u00e0 la politique, l&rsquo;utilisateur doit cesser d&rsquo;utiliser cette Application et peut demander que le contr\u00f4leur de donn\u00e9es supprime les donn\u00e9es \u00e0 caract\u00e8re personnel. Sauf indication contraire, la politique de confidentialit\u00e9 alors en vigueur s&rsquo;applique \u00e0 toutes les donn\u00e9es personnelles, le contr\u00f4leur des donn\u00e9es a propos des utilisateurs.<\/p>\n<p>Informations sur cette politique de confidentialit\u00e9<\/p>\n<p>Le contr\u00f4leur des donn\u00e9es est responsable de cette politique de confidentialit\u00e9, pr\u00e9par\u00e9s \u00e0 partir des modules fournis par Iubenda et h\u00e9berg\u00e9 sur les serveurs de Iubenda.<br \/>\nD\u00e9finitions et r\u00e9f\u00e9rences juridiques<br \/>\nDonn\u00e9es \u00e0 caract\u00e8re personnel (ou donn\u00e9es)<\/p>\n<p>Toute information concernant une personne physique, une personne morale, une institution ou une association, qui est, ou peut \u00eatre identifi\u00e9e, m\u00eame indirectement, par r\u00e9f\u00e9rence \u00e0 toute autre information, y compris un num\u00e9ro d&rsquo;identification personnel.<br \/>\nDonn\u00e9es Canadage<\/p>\n<p>Renseignements recueillis automatiquement de cette Application (ou services de tiers utilis\u00e9s dans la pr\u00e9sente demande), qui peuvent inclure : les adresses IP ou les noms de domaine des ordinateurs utilis\u00e9s par les utilisateurs qui utilisent cette Application, les adresses URI (Uniform Resource Identifier), le moment de la demande, la m\u00e9thode utilis\u00e9e pour soumettre la demande au serveur, la taille du fichier re\u00e7u en r\u00e9ponse , le code num\u00e9rique indiquant l&rsquo;\u00e9tat de la r\u00e9ponse du serveur (r\u00e9ussite, erreur, etc.), le pays d&rsquo;origine, les fonctionnalit\u00e9s du navigateur et le syst\u00e8me d&rsquo;exploitation utilis\u00e9 par l&rsquo;utilisateur, les diff\u00e9rents temps de d\u00e9tails par visite (par exemple, le temps pass\u00e9 sur chaque page dans l&rsquo;Application) et les d\u00e9tails sur le chemin suivi au sein de l&rsquo;Application avec une r\u00e9f\u00e9rence particuli\u00e8re \u00e0 la s\u00e9quence des pages visit\u00e9es , et d&rsquo;autres param\u00e8tres concernant le dispositif d&rsquo;exploitation syst\u00e8me et\/ou l&rsquo;utilisateur informatique environnement.<\/p>\n<p>Utilisateur<\/p>\n<p>La personne utilisant cette Application, qui doit co\u00efncider avec ou \u00eatre autoris\u00e9e par la personne concern\u00e9e, \u00e0 laquelle se r\u00e9f\u00e8rent les donn\u00e9es personnelles.<br \/>\nPersonne concern\u00e9e<\/p>\n<p>La personne physique ou morale qui renvoie les donn\u00e9es \u00e0 caract\u00e8re personnel.<\/p>\n<p>Processeur de donn\u00e9es (ou contr\u00f4leur des donn\u00e9es)<\/p>\n<p>La personne physique, personne juridique, administration publique ou tout autre organisme, association ou organisation autoris\u00e9e par le contr\u00f4leur des donn\u00e9es \u00e0 traiter les donn\u00e9es personnelles en conformit\u00e9 avec cette politique de confidentialit\u00e9.<\/p>\n<p>Contr\u00f4leur de donn\u00e9es (ou propri\u00e9taire)<\/p>\n<p>La personne physique, personne morale, l&rsquo;administration publique ou tout autre organisme, association ou organisme ayant le droit, aussi conjointement avec un autre contr\u00f4leur de donn\u00e9es, de prendre des d\u00e9cisions au sujet de l&rsquo;application et les m\u00e9thodes de traitement des donn\u00e9es \u00e0 caract\u00e8re personnel et les moyens utilis\u00e9s, y compris les mesures de s\u00e9curit\u00e9 concernant le fonctionnement et l&rsquo;utilisation de cette Application. Le contr\u00f4leur des donn\u00e9es, sauf indication contraire, est le propri\u00e9taire de cette demande.<\/p>\n<p><strong>Utilisateurs peuvent retirer de l&rsquo;utilisation des cookies par Google en visitant la page de d\u00e9sinscription de publicit\u00e9 de Google :<\/strong><br \/>\nhttp:\/\/www.google.com\/Settings\/ads<\/p>\n<p><strong>Utilisateurs peuvent refuser un emploi de vendeur tiers de cookies en visitant la page de d\u00e9sabonnement :<\/strong><br \/>\nhttp:\/\/www.networkadvertising.org\/managing\/opt_out.asp<\/p>\n<p><strong>Les utilisateurs peuvent opter pixels remarketing de DoubleClick en visitant la page de d\u00e9sabonnement :<\/strong><br \/>\nhttps:\/\/www.google.com\/Settings\/ADS\/onweb#display_optout<\/p>\n<p>Cette Application : l&rsquo;outil logiciel ou mat\u00e9riel par lequel sont collect\u00e9es les donn\u00e9es personnelles de l&rsquo;utilisateur.<br \/>\nCookie : Petit morceau de donn\u00e9es stock\u00e9es dans l&rsquo;appareil de l&rsquo;utilisateur.<\/p>\n<p>Mentions l\u00e9gales :<\/p>\n<p>Avis aux utilisateurs europ\u00e9ens : cette d\u00e9claration de confidentialit\u00e9 a \u00e9t\u00e9 \u00e9tablie dans l&rsquo;accomplissement des obligations en vertu de l&rsquo;Art. 10 de n. Directive 95\/46\/CE et en vertu des dispositions de la Directive 2002\/58\/ce, telle que r\u00e9vis\u00e9e par la Directive 2009\/136\/ce, sur le sujet des Cookies.<\/p>\n<p>Cette politique de confidentialit\u00e9 ne concerne que cette Application.<\/p>\n","protected":false},"excerpt":{"rendered":"<p>Politique de confidentialit\u00e9 de www.christopherdedeyan.com Afin de recevoir des informations sur vos donn\u00e9es personnelles, les fins et les fournisseurs tiers avec lesquels les donn\u00e9es sont partag\u00e9es, contacter le propri\u00e9taire. Contr\u00f4leur des donn\u00e9es et propri\u00e9taire : Christopher Dedeyan info@christopherdedeyan.com Types de donn\u00e9es collect\u00e9es : Le propri\u00e9taire ne fournit pas une liste du types de donn\u00e9es \u00e0 [&hellip;]<\/p>\n","protected":false},"author":3,"featured_media":0,"parent":0,"menu_order":0,"comment_status":"closed","ping_status":"closed","template":"page-fullwidth.php","meta":{"_monsterinsights_skip_tracking":false,"_monsterinsights_sitenote_active":false,"_monsterinsights_sitenote_note":"","_monsterinsights_sitenote_category":0},"yoast_head":"<!-- This site is optimized with the Yoast SEO plugin v15.4 - https:\/\/yoast.com\/wordpress\/plugins\/seo\/ -->\n<title>Privacy - Christopher<\/title>\n<meta name=\"robots\" content=\"index, follow, max-snippet:-1, max-image-preview:large, max-video-preview:-1\" \/>\n<link rel=\"canonical\" href=\"https:\/\/www.christopherdedeyan.com\/fr\/privacy\/\" \/>\n<meta property=\"og:locale\" content=\"fr_FR\" \/>\n<meta property=\"og:type\" content=\"article\" \/>\n<meta property=\"og:title\" content=\"Privacy - Christopher\" \/>\n<meta property=\"og:description\" content=\"Politique de confidentialit\u00e9 de www.christopherdedeyan.com Afin de recevoir des informations sur vos donn\u00e9es personnelles, les fins et les fournisseurs tiers avec lesquels les donn\u00e9es sont partag\u00e9es, contacter le propri\u00e9taire. Contr\u00f4leur des donn\u00e9es et propri\u00e9taire : Christopher Dedeyan info@christopherdedeyan.com Types de donn\u00e9es collect\u00e9es : Le propri\u00e9taire ne fournit pas une liste du types de donn\u00e9es \u00e0 [&hellip;]\" \/>\n<meta property=\"og:url\" content=\"https:\/\/www.christopherdedeyan.com\/fr\/privacy\/\" \/>\n<meta property=\"og:site_name\" content=\"Christopher\" \/>\n<meta property=\"article:publisher\" content=\"https:\/\/www.facebook.com\/ChristopherDedeyan\/\" \/>\n<meta property=\"article:modified_time\" content=\"2018-04-27T19:07:48+00:00\" \/>\n<meta name=\"twitter:card\" content=\"summary_large_image\" \/>\n<meta name=\"twitter:creator\" content=\"@chrisdedeyan\" \/>\n<meta name=\"twitter:site\" content=\"@chrisdedeyan\" \/>\n<meta name=\"twitter:label1\" content=\"\u00c9crit par\">\n\t<meta name=\"twitter:data1\" content=\"Christopher Dedeyan\">\n\t<meta name=\"twitter:label2\" content=\"Dur\u00e9e de lecture est.\">\n\t<meta name=\"twitter:data2\" content=\"10 minutes\">\n<script type=\"application\/ld+json\" class=\"yoast-schema-graph\">{\"@context\":\"https:\/\/schema.org\",\"@graph\":[{\"@type\":\"WebSite\",\"@id\":\"https:\/\/www.christopherdedeyan.com\/#website\",\"url\":\"https:\/\/www.christopherdedeyan.com\/\",\"name\":\"Christopher Dedeyan\",\"description\":\"\",\"potentialAction\":[{\"@type\":\"SearchAction\",\"target\":\"https:\/\/www.christopherdedeyan.com\/?s={search_term_string}\",\"query-input\":\"required name=search_term_string\"}],\"inLanguage\":\"fr-FR\"},{\"@type\":\"WebPage\",\"@id\":\"https:\/\/www.christopherdedeyan.com\/fr\/privacy\/#webpage\",\"url\":\"https:\/\/www.christopherdedeyan.com\/fr\/privacy\/\",\"name\":\"Privacy - Christopher\",\"isPartOf\":{\"@id\":\"https:\/\/www.christopherdedeyan.com\/#website\"},\"datePublished\":\"2017-04-28T14:50:58+00:00\",\"dateModified\":\"2018-04-27T19:07:48+00:00\",\"inLanguage\":\"fr-FR\",\"potentialAction\":[{\"@type\":\"ReadAction\",\"target\":[\"https:\/\/www.christopherdedeyan.com\/fr\/privacy\/\"]}]}]}<\/script>\n<!-- \/ Yoast SEO plugin. -->","_links":{"self":[{"href":"https:\/\/www.christopherdedeyan.com\/fr\/wp-json\/wp\/v2\/pages\/1233"}],"collection":[{"href":"https:\/\/www.christopherdedeyan.com\/fr\/wp-json\/wp\/v2\/pages"}],"about":[{"href":"https:\/\/www.christopherdedeyan.com\/fr\/wp-json\/wp\/v2\/types\/page"}],"author":[{"embeddable":true,"href":"https:\/\/www.christopherdedeyan.com\/fr\/wp-json\/wp\/v2\/users\/3"}],"replies":[{"embeddable":true,"href":"https:\/\/www.christopherdedeyan.com\/fr\/wp-json\/wp\/v2\/comments?post=1233"}],"version-history":[{"count":3,"href":"https:\/\/www.christopherdedeyan.com\/fr\/wp-json\/wp\/v2\/pages\/1233\/revisions"}],"predecessor-version":[{"id":2141,"href":"https:\/\/www.christopherdedeyan.com\/fr\/wp-json\/wp\/v2\/pages\/1233\/revisions\/2141"}],"wp:attachment":[{"href":"https:\/\/www.christopherdedeyan.com\/fr\/wp-json\/wp\/v2\/media?parent=1233"}],"curies":[{"name":"wp","href":"https:\/\/api.w.org\/{rel}","templated":true}]}}